{"id":997,"date":"2022-02-21T10:30:20","date_gmt":"2022-02-21T07:30:20","guid":{"rendered":"http:\/\/www.aerofix.com.tr\/?page_id=997"},"modified":"2022-04-29T17:32:16","modified_gmt":"2022-04-29T14:32:16","slug":"private-label-manufacturer","status":"publish","type":"page","link":"https:\/\/www.aerofix.com.tr\/tr\/private-label-manufacturer\/","title":{"rendered":"Fason"},"content":{"rendered":"<p>[vc_row][vc_column width=&#8221;1\/2&#8243;][vc_single_image image=&#8221;1549&#8243; img_size=&#8221;full&#8221; alignment=&#8221;center&#8221;][vc_empty_space][\/vc_column][vc_column width=&#8221;1\/2&#8243;][\/vc_column][\/vc_row][vc_row][vc_column][vc_column_text]<strong>Aerofix\u00a0End\u00fcstri Kimyasallar\u0131<\/strong> \u00a0Fason\u00a0 d\u00fcnya standartlar\u0131nda \u00fcretim kapasitesini birle\u015ftirir,<\/p>\n<p>Size m\u00fcmk\u00fcn olan en iyi deneyimi sunmak i\u00e7in kaliteli \u00fcr\u00fcnler ve sekt\u00f6rdeki en iyi m\u00fc\u015fteri hizmeti. \u0130ster b\u00fcy\u00fck, ister k\u00fcresel<\/p>\n<p>perakendeci veya bilgili bir \u00e7evrimi\u00e7i t\u00fcccar olarak amac\u0131m\u0131z, sizi ve m\u00fc\u015fterilerinizi memnun etmek ve ihtiya\u00e7 duyaca\u011f\u0131n\u0131z tek ortak olmak i\u00e7in size en iyi hizmeti vermektir.<\/p>\n<ul>\n<li>Rekabet\u00e7i Fiyatland\u0131rma<\/li>\n<li>En Kaliteli \u00dcr\u00fcnler<\/li>\n<li>H\u0131zl\u0131, Do\u011fru ve G\u00fcvenilir Teslimat<\/li>\n<\/ul>\n<p>[\/vc_column_text][vc_empty_space]\n\t\t\t<!-- START \u00d6ZEL REVOLUTION SLIDER 6.5.11 --><p class=\"rs-p-wp-fix\"><\/p>\n\t\t\t<rs-module-wrap id=\"rev_slider_9_2_wrapper\" data-source=\"gallery\" style=\"visibility:hidden;background:#E9E9E9;padding:0;margin:0px auto;margin-top:0;margin-bottom:0;\">\n\t\t\t\t<rs-module id=\"rev_slider_9_2\" style=\"\" data-version=\"6.5.11\">\n\t\t\t\t\t<rs-slides>\n\t\t\t\t\t\t<rs-slide style=\"position: absolute;\" data-key=\"rs-25\" data-title=\"Slide\" data-anim=\"ms:10;\" data-in=\"o:1;\" data-out=\"a:false;\">\n\t\t\t\t\t\t\t<img src=\"\/\/www.aerofix.com.tr\/wp-content\/plugins\/revslider\/public\/assets\/assets\/dummy.png\" title=\"xzcxzcxzcxzczxcxzczxczx.png\" width=\"2000\" height=\"1000\" class=\"rev-slidebg tp-rs-img rs-lazyload\" data-lazyload=\"\/\/www.aerofix.com.tr\/wp-content\/uploads\/revslider\/main-slider-1\/xzcxzcxzcxzczxcxzczxczx.png\" data-bg=\"p:center top;\" data-no-retina>\n<!--\n\t\t\t\t\t\t\t--><rs-layer\n\t\t\t\t\t\t\t\tid=\"slider-9-slide-25-layer-0\" \n\t\t\t\t\t\t\t\tdata-type=\"image\"\n\t\t\t\t\t\t\t\tdata-rsp_ch=\"on\"\n\t\t\t\t\t\t\t\tdata-xy=\"xo:258px,132px,100px,12px;yo:348px,178px,135px,291px;\"\n\t\t\t\t\t\t\t\tdata-text=\"w:normal;s:20,10,7,4;l:0,12,9,6;\"\n\t\t\t\t\t\t\t\tdata-dim=\"w:55px,28px,21px,67px;h:55px,28px,21px,67px;\"\n\t\t\t\t\t\t\t\tdata-frame_999=\"o:0;st:w;\"\n\t\t\t\t\t\t\t\tstyle=\"z-index:13;\"\n\t\t\t\t\t\t\t><img src=\"\/\/www.aerofix.com.tr\/wp-content\/plugins\/revslider\/public\/assets\/assets\/dummy.png\" class=\"tp-rs-img rs-lazyload\" width=\"512\" height=\"512\" data-lazyload=\"\/\/www.aerofix.com.tr\/wp-content\/uploads\/revslider\/main-slider-1-11\/vcxcxvxcds.png\" data-no-retina> \n\t\t\t\t\t\t\t<\/rs-layer><!--\n\n\t\t\t\t\t\t\t--><rs-layer\n\t\t\t\t\t\t\t\tid=\"slider-9-slide-25-layer-15\" \n\t\t\t\t\t\t\t\tdata-type=\"image\"\n\t\t\t\t\t\t\t\tdata-rsp_ch=\"on\"\n\t\t\t\t\t\t\t\tdata-xy=\"xo:499px,255px,193px,283px;yo:210px,107px,81px,158px;\"\n\t\t\t\t\t\t\t\tdata-text=\"w:normal;s:20,10,7,4;l:0,12,9,6;\"\n\t\t\t\t\t\t\t\tdata-dim=\"w:41px,20px,15px,69px;h:41px,20px,15px,69px;\"\n\t\t\t\t\t\t\t\tdata-frame_999=\"o:0;st:w;\"\n\t\t\t\t\t\t\t\tstyle=\"z-index:15;\"\n\t\t\t\t\t\t\t><img src=\"\/\/www.aerofix.com.tr\/wp-content\/plugins\/revslider\/public\/assets\/assets\/dummy.png\" class=\"tp-rs-img rs-lazyload\" width=\"512\" height=\"512\" data-lazyload=\"\/\/www.aerofix.com.tr\/wp-content\/uploads\/2022\/03\/1-whatsapp.png\" data-no-retina> \n\t\t\t\t\t\t\t<\/rs-layer><!--\n\n\t\t\t\t\t\t\t--><rs-layer\n\t\t\t\t\t\t\t\tid=\"slider-9-slide-25-layer-16\" \n\t\t\t\t\t\t\t\tdata-type=\"text\"\n\t\t\t\t\t\t\t\tdata-color=\"#222222\"\n\t\t\t\t\t\t\t\tdata-rsp_ch=\"on\"\n\t\t\t\t\t\t\t\tdata-xy=\"xo:450px,230px,174px,107px;\"\n\t\t\t\t\t\t\t\tdata-text=\"w:normal;s:30,15,11,6;l:35,17,12,7;fw:700;\"\n\t\t\t\t\t\t\t\tdata-dim=\"w:463,237,180,111;\"\n\t\t\t\t\t\t\t\tdata-frame_999=\"o:0;st:w;\"\n\t\t\t\t\t\t\t\tstyle=\"z-index:10;font-family:'Poppins';\"\n\t\t\t\t\t\t\t> \n\t\t\t\t\t\t\t<\/rs-layer><!--\n\n\t\t\t\t\t\t\t--><rs-layer\n\t\t\t\t\t\t\t\tid=\"slider-9-slide-25-layer-18\" \n\t\t\t\t\t\t\t\tdata-type=\"image\"\n\t\t\t\t\t\t\t\tdata-rsp_ch=\"on\"\n\t\t\t\t\t\t\t\tdata-xy=\"xo:258px,132px,100px,12px;yo:111px,56px,42px,50px;\"\n\t\t\t\t\t\t\t\tdata-text=\"w:normal;s:20,10,7,4;l:0,12,9,6;\"\n\t\t\t\t\t\t\t\tdata-dim=\"w:55px,28px,21px,67px;h:55px,28px,21px,67px;\"\n\t\t\t\t\t\t\t\tdata-frame_999=\"o:0;st:w;\"\n\t\t\t\t\t\t\t\tstyle=\"z-index:14;\"\n\t\t\t\t\t\t\t><img src=\"\/\/www.aerofix.com.tr\/wp-content\/plugins\/revslider\/public\/assets\/assets\/dummy.png\" class=\"tp-rs-img rs-lazyload\" width=\"512\" height=\"512\" data-lazyload=\"\/\/www.aerofix.com.tr\/wp-content\/uploads\/revslider\/main-slider-1-11\/mozcnvnzdsl.png\" data-no-retina> \n\t\t\t\t\t\t\t<\/rs-layer><!--\n\n\t\t\t\t\t\t\t--><rs-layer\n\t\t\t\t\t\t\t\tid=\"slider-9-slide-25-layer-19\" \n\t\t\t\t\t\t\t\tdata-type=\"image\"\n\t\t\t\t\t\t\t\tdata-rsp_ch=\"on\"\n\t\t\t\t\t\t\t\tdata-xy=\"xo:258px,132px,100px,12px;yo:273px,139px,105px,223px;\"\n\t\t\t\t\t\t\t\tdata-text=\"w:normal;s:20,10,7,4;l:0,12,9,6;\"\n\t\t\t\t\t\t\t\tdata-dim=\"w:55px,28px,21px,67px;h:55px,28px,21px,67px;\"\n\t\t\t\t\t\t\t\tdata-frame_999=\"o:0;st:w;\"\n\t\t\t\t\t\t\t\tstyle=\"z-index:12;\"\n\t\t\t\t\t\t\t><img src=\"\/\/www.aerofix.com.tr\/wp-content\/plugins\/revslider\/public\/assets\/assets\/dummy.png\" class=\"tp-rs-img rs-lazyload\" width=\"512\" height=\"512\" data-lazyload=\"\/\/www.aerofix.com.tr\/wp-content\/uploads\/revslider\/main-slider-1-11\/vcxcxvxcds.png\" data-no-retina> \n\t\t\t\t\t\t\t<\/rs-layer><!--\n\n\t\t\t\t\t\t\t--><rs-layer\n\t\t\t\t\t\t\t\tid=\"slider-9-slide-25-layer-20\" \n\t\t\t\t\t\t\t\tdata-type=\"image\"\n\t\t\t\t\t\t\t\tdata-rsp_ch=\"on\"\n\t\t\t\t\t\t\t\tdata-xy=\"xo:258px,132px,100px,12px;yo:200px,102px,77px,156px;\"\n\t\t\t\t\t\t\t\tdata-text=\"w:normal;s:20,10,7,4;l:0,12,9,6;\"\n\t\t\t\t\t\t\t\tdata-dim=\"w:55px,28px,21px,67px;h:55px,28px,21px,67px;\"\n\t\t\t\t\t\t\t\tdata-frame_999=\"o:0;st:w;\"\n\t\t\t\t\t\t\t\tstyle=\"z-index:11;\"\n\t\t\t\t\t\t\t><img src=\"\/\/www.aerofix.com.tr\/wp-content\/plugins\/revslider\/public\/assets\/assets\/dummy.png\" class=\"tp-rs-img rs-lazyload\" width=\"512\" height=\"512\" data-lazyload=\"\/\/www.aerofix.com.tr\/wp-content\/uploads\/revslider\/main-slider-1-11\/cxvxcvxcvxv.png\" data-no-retina> \n\t\t\t\t\t\t\t<\/rs-layer><!--\n\n\t\t\t\t\t\t\t--><rs-layer\n\t\t\t\t\t\t\t\tid=\"slider-9-slide-25-layer-21\" \n\t\t\t\t\t\t\t\tdata-type=\"text\"\n\t\t\t\t\t\t\t\tdata-color=\"#222222\"\n\t\t\t\t\t\t\t\tdata-rsp_ch=\"on\"\n\t\t\t\t\t\t\t\tdata-xy=\"xo:321px,164px,124px,86px;yo:109px,55px,41px,62px;\"\n\t\t\t\t\t\t\t\tdata-text=\"w:normal;s:16,8,6,17;l:35,17,12,30;fw:700;\"\n\t\t\t\t\t\t\t\tdata-dim=\"w:463,237,180,427;\"\n\t\t\t\t\t\t\t\tdata-frame_999=\"o:0;st:w;\"\n\t\t\t\t\t\t\t\tstyle=\"z-index:8;font-family:'Poppins';\"\n\t\t\t\t\t\t\t>Adres: G\u00f6kevler Mh. 2312 Sk. No: 16 Ginza Corner Plaza Kat: 9 Ofis: 109 \/ Esenyurt \/ \u0130stanbul \/ T\u00dcRK\u0130YE.<br \/>\n<br \/>\n<a href=\"tel:05442281020\">05442281020<\/a> <br \/>\n<br \/>\nE-mail : k.kucuk@aerofix.com.tr<br \/>\n<br \/>\nexport@aerofix.com.tr \n\t\t\t\t\t\t\t<\/rs-layer><!--\n\n\t\t\t\t\t\t\t--><rs-layer\n\t\t\t\t\t\t\t\tid=\"slider-9-slide-25-layer-25\" \n\t\t\t\t\t\t\t\tdata-type=\"text\"\n\t\t\t\t\t\t\t\tdata-color=\"#222222\"\n\t\t\t\t\t\t\t\tdata-rsp_ch=\"on\"\n\t\t\t\t\t\t\t\tdata-xy=\"xo:310px,158px,120px,82px;yo:27px,13px,9px,4px;\"\n\t\t\t\t\t\t\t\tdata-text=\"w:normal;s:24,12,9,22;l:35,17,12,31;fw:700;\"\n\t\t\t\t\t\t\t\tdata-dim=\"w:463,237,180,492;\"\n\t\t\t\t\t\t\t\tdata-frame_999=\"o:0;st:w;\"\n\t\t\t\t\t\t\t\tstyle=\"z-index:9;font-family:'Poppins';\"\n\t\t\t\t\t\t\t>GENEL \u0130LET\u0130\u015e\u0130M B\u0130LG\u0130LER\u0130 \n\t\t\t\t\t\t\t<\/rs-layer><!--\n-->\t\t\t\t\t\t<\/rs-slide>\n\t\t\t\t\t<\/rs-slides>\n\t\t\t\t<\/rs-module>\n\t\t\t\t<script type=\"text\/javascript\">\n\t\t\t\t\tsetREVStartSize({c: 'rev_slider_9_2',rl:[1240,1024,778,480],el:[400,450,500,400],gw:[2000,1024,778,480],gh:[400,450,500,400],type:'hero',justify:'',layout:'fullwidth',mh:\"550\"});if (window.RS_MODULES!==undefined && window.RS_MODULES.modules!==undefined && window.RS_MODULES.modules[\"revslider92\"]!==undefined) {window.RS_MODULES.modules[\"revslider92\"].once = false;window.revapi9 = undefined;if (window.RS_MODULES.checkMinimal!==undefined) window.RS_MODULES.checkMinimal()}\n\t\t\t\t<\/script>\n\t\t\t<\/rs-module-wrap>\n\t\t\t<!-- END REVOLUTION SLIDER -->\n[vc_empty_space][\/vc_column][\/vc_row][vc_row][vc_column][vc_column_text]<div class=\"forminator-ui forminator-custom-form forminator-custom-form-1371 forminator-design--default  forminator_ajax\" data-forminator-render=\"0\" data-form=\"forminator-module-1371\"><br\/><\/div><form\n\t\t\t\tid=\"forminator-module-1371\"\n\t\t\t\tclass=\"forminator-ui forminator-custom-form forminator-custom-form-1371 forminator-design--default  forminator_ajax\"\n\t\t\t\tmethod=\"post\"\n\t\t\t\tdata-forminator-render=\"0\"\n\t\t\t\tdata-form-id=\"1371\"\n\t\t\t\t\n\t\t\t\tdata-design=\"default\"\n\t\t\t\t\n\t\t\t\t\n\t\t\t\t\n\t\t\t\tdata-grid=\"open\"\n\t\t\t\t\n\t\t\t\t\n\t\t\t\tstyle=\"display: none;\"\n\t\t\t><div class=\"forminator-response-message forminator-error\" aria-hidden=\"true\"><\/div><div class=\"forminator-row\"><div id=\"name-1\" class=\"forminator-col forminator-col-6 \"><div class=\"forminator-field\"><label for=\"forminator-field-name-1\" class=\"forminator-label\">\u0130sim <span class=\"forminator-required\">*<\/span><\/label><input type=\"text\" name=\"name-1\" value=\"\" placeholder=\"\" id=\"forminator-field-name-1\" class=\"forminator-input forminator-name--field\" aria-required=\"true\" \/><\/div><\/div><div id=\"phone-1\" class=\"forminator-col forminator-col-6 \"><div class=\"forminator-field\"><label for=\"forminator-field-phone-1\" class=\"forminator-label\">Telefon <span class=\"forminator-required\">*<\/span><\/label><input type=\"text\" name=\"phone-1\" value=\"\" placeholder=\"\" id=\"forminator-field-phone-1\" class=\"forminator-input forminator-field--phone\" data-required=\"1\" aria-required=\"true\" autocomplete=\"off\" \/><\/div><\/div><\/div><div class=\"forminator-row\"><div id=\"email-1\" class=\"forminator-col forminator-col-12 \"><div class=\"forminator-field\"><label for=\"forminator-field-email-1\" class=\"forminator-label\">E-mail <span class=\"forminator-required\">*<\/span><\/label><input type=\"email\" name=\"email-1\" value=\"\" placeholder=\"\" id=\"forminator-field-email-1\" class=\"forminator-input forminator-email--field\" data-required=\"1\" aria-required=\"true\" \/><\/div><\/div><\/div><div class=\"forminator-row\"><div id=\"name-2\" class=\"forminator-col forminator-col-6 \"><div class=\"forminator-field\"><label for=\"forminator-field-name-2\" class=\"forminator-label\">Firma Ad\u0131 <span class=\"forminator-required\">*<\/span><\/label><input type=\"text\" name=\"name-2\" value=\"\" placeholder=\"\" id=\"forminator-field-name-2\" class=\"forminator-input forminator-name--field\" aria-required=\"true\" \/><\/div><\/div><div id=\"name-3\" class=\"forminator-col forminator-col-6 \"><div class=\"forminator-field\"><label for=\"forminator-field-name-3\" class=\"forminator-label\">\u015eirket Web Sitesi<\/label><input type=\"text\" name=\"name-3\" value=\"\" placeholder=\"\" id=\"forminator-field-name-3\" class=\"forminator-input forminator-name--field\" aria-required=\"false\" \/><\/div><\/div><\/div><div class=\"forminator-row\"><div id=\"select-1\" class=\"forminator-col forminator-col-12 \"><div class=\"forminator-field\"><label for=\"forminator-form-1371__field--select-1-label\" class=\"forminator-label\">Talebinizin Nedeni<\/label><select id=\"forminator-form-1371__field--select-1\" class=\"forminator-select--field forminator-select2\" data-required=\"\" name=\"select-1\" data-default-value=\"\" data-placeholder=\"\" data-search=\"false\"><option value=\"Merak-Ediyorum\"  data-calculation=\"0\">Merak Ediyorum<\/option><option value=\"\u00d6rnek\"  data-calculation=\"0\">\u00d6rnek<\/option><\/select><\/div><\/div><\/div><div class=\"forminator-row\"><div id=\"textarea-1\" class=\"forminator-col forminator-col-12 \"><div class=\"forminator-field\"><label for=\"forminator-field-textarea-1\" class=\"forminator-label\">Mesaj\u0131n\u0131z<\/label><textarea name=\"textarea-1\" placeholder=\"\" id=\"forminator-field-textarea-1\" class=\"forminator-textarea\" rows=\"6\" style=\"min-height:140px;\" ><\/textarea><\/div><\/div><\/div><input type=\"hidden\" name=\"referer_url\" value=\"\" \/><div class=\"forminator-row forminator-row-last\"><div class=\"forminator-col\"><div class=\"forminator-field\"><button class=\"forminator-button forminator-button-submit\">G&ouml;nder<\/button><\/div><\/div><\/div><input type=\"hidden\" id=\"forminator_nonce\" name=\"forminator_nonce\" value=\"3c06bc624e\" \/><input type=\"hidden\" name=\"_wp_http_referer\" value=\"\/tr\/wp-json\/wp\/v2\/pages\/997\" \/><input type=\"hidden\" name=\"form_id\" value=\"1371\"><input type=\"hidden\" name=\"page_id\" value=\"997\"><input type=\"hidden\" name=\"form_type\" value=\"default\"><input type=\"hidden\" name=\"current_url\" value=\"https:\/\/www.aerofix.com.tr\/tr\/wp-json\/wp\/v2\/pages\/997\/\"><input type=\"hidden\" name=\"render_id\" value=\"0\"><input type=\"hidden\" name=\"action\" value=\"forminator_submit_form_custom-forms\"><\/form>[\/vc_column_text][\/vc_column][\/vc_row]<\/p>","protected":false},"excerpt":{"rendered":"<p>[vc_row][vc_column width=&#8221;1\/2&#8243;][vc_single_image image=&#8221;1549&#8243; img_size=&#8221;full&#8221; alignment=&#8221;center&#8221;][vc_empty_space][\/vc_column][vc_column width=&#8221;1\/2&#8243;][\/vc_column][\/vc_row][vc_row][vc_column][vc_column_text]Aerofix\u00a0End\u00fcstri Kimyasallar\u0131 \u00a0Fason\u00a0 d\u00fcnya standartlar\u0131nda \u00fcretim kapasitesini birle\u015ftirir, Size m\u00fcmk\u00fcn olan en iyi deneyimi sunmak i\u00e7in kaliteli \u00fcr\u00fcnler ve sekt\u00f6rdeki en iyi m\u00fc\u015fteri hizmeti. \u0130ster b\u00fcy\u00fck, ister k\u00fcresel perakendeci veya bilgili bir \u00e7evrimi\u00e7i t\u00fcccar olarak&#8230;<\/p>\n","protected":false},"author":1,"featured_media":0,"parent":0,"menu_order":0,"comment_status":"closed","ping_status":"closed","template":"","meta":[],"_links":{"self":[{"href":"https:\/\/www.aerofix.com.tr\/tr\/wp-json\/wp\/v2\/pages\/997"}],"collection":[{"href":"https:\/\/www.aerofix.com.tr\/tr\/wp-json\/wp\/v2\/pages"}],"about":[{"href":"https:\/\/www.aerofix.com.tr\/tr\/wp-json\/wp\/v2\/types\/page"}],"author":[{"embeddable":true,"href":"https:\/\/www.aerofix.com.tr\/tr\/wp-json\/wp\/v2\/users\/1"}],"replies":[{"embeddable":true,"href":"https:\/\/www.aerofix.com.tr\/tr\/wp-json\/wp\/v2\/comments?post=997"}],"version-history":[{"count":31,"href":"https:\/\/www.aerofix.com.tr\/tr\/wp-json\/wp\/v2\/pages\/997\/revisions"}],"predecessor-version":[{"id":1634,"href":"https:\/\/www.aerofix.com.tr\/tr\/wp-json\/wp\/v2\/pages\/997\/revisions\/1634"}],"wp:attachment":[{"href":"https:\/\/www.aerofix.com.tr\/tr\/wp-json\/wp\/v2\/media?parent=997"}],"curies":[{"name":"wp","href":"https:\/\/api.w.org\/{rel}","templated":true}]}}