{"id":983,"date":"2022-02-21T10:12:32","date_gmt":"2022-02-21T07:12:32","guid":{"rendered":"http:\/\/www.aerofix.com.tr\/?page_id=983"},"modified":"2022-05-09T13:08:13","modified_gmt":"2022-05-09T10:08:13","slug":"textile-products","status":"publish","type":"page","link":"https:\/\/www.aerofix.com.tr\/tr\/textile-products\/","title":{"rendered":"Tekstil \u00dcr\u00fcnleri"},"content":{"rendered":"<p>[vc_row][vc_column][vc_column_text]<\/p>\n<p>[\/vc_column_text][\/vc_column][\/vc_row][vc_row][vc_column][vc_row_inner][vc_column_inner width=&#8221;1\/3&#8243;][vc_single_image image=&#8221;1154&#8243; img_size=&#8221;full&#8221; alignment=&#8221;center&#8221; style=&#8221;vc_box_outline&#8221; border_color=&#8221;orange&#8221; onclick=&#8221;custom_link&#8221; link=&#8221;http:\/\/www.aerofix.com.tr\/textile-silicone-spray\/&#8221;][vc_btn title=&#8221;TEKST\u0130L S\u0130L\u0130KON SPREY&#8221; color=&#8221;warning&#8221; size=&#8221;lg&#8221; align=&#8221;center&#8221; button_block=&#8221;true&#8221; link=&#8221;url:http%3A%2F%2Fwww.aerofix.com.tr%2Ftextile-silicone-spray%2F&#8221;][vc_empty_space][\/vc_column_inner][vc_column_inner width=&#8221;1\/3&#8243;][vc_single_image image=&#8221;1155&#8243; img_size=&#8221;full&#8221; alignment=&#8221;center&#8221; style=&#8221;vc_box_outline&#8221; border_color=&#8221;orange&#8221; onclick=&#8221;custom_link&#8221; link=&#8221;http:\/\/www.aerofix.com.tr\/textile-adhesive-spray\/&#8221;][vc_btn title=&#8221;TEKST\u0130L YAPI\u015eTIRICI SPREY 500 ML&#8221; color=&#8221;warning&#8221; size=&#8221;lg&#8221; align=&#8221;center&#8221; button_block=&#8221;true&#8221; link=&#8221;url:http%3A%2F%2Fwww.aerofix.com.tr%2Ftextile-adhesive-spray%2F&#8221;][vc_empty_space][\/vc_column_inner][vc_column_inner width=&#8221;1\/3&#8243;][\/vc_column_inner][\/vc_row_inner][\/vc_column][\/vc_row][vc_row][vc_column][vc_column_text]<\/p>\n<p>[\/vc_column_text][\/vc_column][\/vc_row]<\/p>","protected":false},"excerpt":{"rendered":"<p>[vc_row][vc_column][vc_column_text] [\/vc_column_text][\/vc_column][\/vc_row][vc_row][vc_column][vc_row_inner][vc_column_inner width=&#8221;1\/3&#8243;][vc_single_image image=&#8221;1154&#8243; img_size=&#8221;full&#8221; alignment=&#8221;center&#8221; style=&#8221;vc_box_outline&#8221; border_color=&#8221;orange&#8221; onclick=&#8221;custom_link&#8221; link=&#8221;http:\/\/www.aerofix.com.tr\/textile-silicone-spray\/&#8221;][vc_btn title=&#8221;TEKST\u0130L S\u0130L\u0130KON SPREY&#8221; color=&#8221;warning&#8221; size=&#8221;lg&#8221; align=&#8221;center&#8221; button_block=&#8221;true&#8221; link=&#8221;url:http%3A%2F%2Fwww.aerofix.com.tr%2Ftextile-silicone-spray%2F&#8221;][vc_empty_space][\/vc_column_inner][vc_column_inner width=&#8221;1\/3&#8243;][vc_single_image image=&#8221;1155&#8243; img_size=&#8221;full&#8221; alignment=&#8221;center&#8221; style=&#8221;vc_box_outline&#8221; border_color=&#8221;orange&#8221; onclick=&#8221;custom_link&#8221; link=&#8221;http:\/\/www.aerofix.com.tr\/textile-adhesive-spray\/&#8221;][vc_btn title=&#8221;TEKST\u0130L YAPI\u015eTIRICI SPREY 500 ML&#8221; color=&#8221;warning&#8221; size=&#8221;lg&#8221; align=&#8221;center&#8221; button_block=&#8221;true&#8221; link=&#8221;url:http%3A%2F%2Fwww.aerofix.com.tr%2Ftextile-adhesive-spray%2F&#8221;][vc_empty_space][\/vc_column_inner][vc_column_inner width=&#8221;1\/3&#8243;][\/vc_column_inner][\/vc_row_inner][\/vc_column][\/vc_row][vc_row][vc_column][vc_column_text] [\/vc_column_text][\/vc_column][\/vc_row]<\/p>\n","protected":false},"author":1,"featured_media":0,"parent":0,"menu_order":0,"comment_status":"closed","ping_status":"closed","template":"","meta":[],"_links":{"self":[{"href":"https:\/\/www.aerofix.com.tr\/tr\/wp-json\/wp\/v2\/pages\/983"}],"collection":[{"href":"https:\/\/www.aerofix.com.tr\/tr\/wp-json\/wp\/v2\/pages"}],"about":[{"href":"https:\/\/www.aerofix.com.tr\/tr\/wp-json\/wp\/v2\/types\/page"}],"author":[{"embeddable":true,"href":"https:\/\/www.aerofix.com.tr\/tr\/wp-json\/wp\/v2\/users\/1"}],"replies":[{"embeddable":true,"href":"https:\/\/www.aerofix.com.tr\/tr\/wp-json\/wp\/v2\/comments?post=983"}],"version-history":[{"count":8,"href":"https:\/\/www.aerofix.com.tr\/tr\/wp-json\/wp\/v2\/pages\/983\/revisions"}],"predecessor-version":[{"id":1643,"href":"https:\/\/www.aerofix.com.tr\/tr\/wp-json\/wp\/v2\/pages\/983\/revisions\/1643"}],"wp:attachment":[{"href":"https:\/\/www.aerofix.com.tr\/tr\/wp-json\/wp\/v2\/media?parent=983"}],"curies":[{"name":"wp","href":"https:\/\/api.w.org\/{rel}","templated":true}]}}