{"id":982,"date":"2022-02-21T10:12:27","date_gmt":"2022-02-21T07:12:27","guid":{"rendered":"http:\/\/www.aerofix.com.tr\/?page_id=982"},"modified":"2022-05-09T13:07:49","modified_gmt":"2022-05-09T10:07:49","slug":"industrial-products","status":"publish","type":"page","link":"https:\/\/www.aerofix.com.tr\/tr\/industrial-products\/","title":{"rendered":"End\u00fcstriyel \u00dcr\u00fcnler"},"content":{"rendered":"<p>[vc_row][vc_column][vc_column_text]<\/p>\n<p>[\/vc_column_text][\/vc_column][\/vc_row][vc_row][vc_column][vc_row_inner][vc_column_inner width=&#8221;1\/3&#8243;][vc_single_image image=&#8221;1147&#8243; img_size=&#8221;full&#8221; alignment=&#8221;center&#8221; style=&#8221;vc_box_outline&#8221; border_color=&#8221;orange&#8221; onclick=&#8221;custom_link&#8221; link=&#8221;http:\/\/www.aerofix.com.tr\/release-agent-silicone-spray\/&#8221;][vc_btn title=&#8221;KALIP AYIRICI S\u0130L\u0130KON SPREY 500ML&#8221; color=&#8221;warning&#8221; size=&#8221;lg&#8221; align=&#8221;center&#8221; button_block=&#8221;true&#8221; link=&#8221;url:http%3A%2F%2Fwww.aerofix.com.tr%2Frelease-agent-silicone-spray%2F&#8221;][vc_empty_space][\/vc_column_inner][vc_column_inner width=&#8221;1\/3&#8243;][vc_single_image image=&#8221;1149&#8243; img_size=&#8221;full&#8221; alignment=&#8221;center&#8221; style=&#8221;vc_box_outline&#8221; border_color=&#8221;orange&#8221; onclick=&#8221;custom_link&#8221; link=&#8221;http:\/\/www.aerofix.com.tr\/silicone-free-mould-release-agent-spray\/&#8221;][vc_btn title=&#8221;S\u0130L\u0130KONSUZ KALIP AYIRICI SPREY 500ML&#8221; color=&#8221;warning&#8221; size=&#8221;lg&#8221; align=&#8221;center&#8221; button_block=&#8221;true&#8221; link=&#8221;url:http%3A%2F%2Fwww.aerofix.com.tr%2Fsilicone-free-mould-release-agent-spray%2F&#8221;][vc_empty_space][\/vc_column_inner][vc_column_inner width=&#8221;1\/3&#8243;][vc_single_image image=&#8221;1150&#8243; img_size=&#8221;full&#8221; alignment=&#8221;center&#8221; style=&#8221;vc_box_outline&#8221; border_color=&#8221;orange&#8221; onclick=&#8221;custom_link&#8221; link=&#8221;http:\/\/www.aerofix.com.tr\/wax-shield-spray\/&#8221;][vc_btn title=&#8221;MUM KORUMA SPREY 500ML&#8221; color=&#8221;warning&#8221; size=&#8221;lg&#8221; align=&#8221;center&#8221; button_block=&#8221;true&#8221; link=&#8221;url:http%3A%2F%2Fwww.aerofix.com.tr%2Fwax-shield-spray%2F&#8221;][vc_empty_space][\/vc_column_inner][\/vc_row_inner][vc_row_inner][vc_column_inner width=&#8221;1\/3&#8243;][vc_single_image image=&#8221;1144&#8243; img_size=&#8221;full&#8221; alignment=&#8221;center&#8221; style=&#8221;vc_box_outline&#8221; border_color=&#8221;orange&#8221; onclick=&#8221;custom_link&#8221; link=&#8221;http:\/\/www.aerofix.com.tr\/rust-remover-spray\/&#8221;][vc_btn title=&#8221;PAS S\u00d6K\u00dcC\u00dc SPREY 500ML&#8221; color=&#8221;warning&#8221; size=&#8221;lg&#8221; align=&#8221;center&#8221; button_block=&#8221;true&#8221; link=&#8221;url:http%3A%2F%2Fwww.aerofix.com.tr%2Frust-remover-spray%2F&#8221;][vc_empty_space][\/vc_column_inner][vc_column_inner width=&#8221;1\/3&#8243;][vc_single_image image=&#8221;1151&#8243; img_size=&#8221;full&#8221; alignment=&#8221;center&#8221; style=&#8221;vc_box_outline&#8221; border_color=&#8221;orange&#8221; onclick=&#8221;custom_link&#8221; link=&#8221;http:\/\/www.aerofix.com.tr\/transparent-liquid-grease-spray\/&#8221;][vc_btn title=&#8221;\u015eEFFAF SIVI GRES SPREY 500ML&#8221; color=&#8221;warning&#8221; size=&#8221;lg&#8221; align=&#8221;center&#8221; button_block=&#8221;true&#8221; link=&#8221;url:http%3A%2F%2Fwww.aerofix.com.tr%2Ftransparent-liquid-grease-spray%2F&#8221;][vc_empty_space][\/vc_column_inner][vc_column_inner width=&#8221;1\/3&#8243;][vc_single_image image=&#8221;1218&#8243; img_size=&#8221;full&#8221; alignment=&#8221;center&#8221; style=&#8221;vc_box_outline&#8221; border_color=&#8221;orange&#8221; onclick=&#8221;custom_link&#8221; link=&#8221;http:\/\/www.aerofix.com.tr\/aeroclean\/&#8221;][vc_btn title=&#8221;AEROCLEAN TERMOPLAST\u0130K VE RENK DE\u011e\u0130\u015e\u0130M\u0130NDE HIZLI VE ETK\u0130L\u0130 TEM\u0130ZL\u0130K 500 GR&#8221; color=&#8221;warning&#8221; size=&#8221;lg&#8221; align=&#8221;center&#8221; button_block=&#8221;true&#8221; link=&#8221;url:http%3A%2F%2Fwww.aerofix.com.tr%2Faeroclean%2F&#8221;][vc_empty_space][\/vc_column_inner][\/vc_row_inner][vc_row_inner][vc_column_inner width=&#8221;1\/3&#8243;][vc_single_image image=&#8221;1152&#8243; img_size=&#8221;full&#8221; alignment=&#8221;center&#8221; style=&#8221;vc_box_outline&#8221; border_color=&#8221;orange&#8221; onclick=&#8221;custom_link&#8221; link=&#8221;http:\/\/www.aerofix.com.tr\/aerocut\/&#8221;][vc_btn title=&#8221;AEROCUT DELME KESME KLAVUZ \u00c7EKME YA\u011eI 500 GR&#8221; color=&#8221;warning&#8221; size=&#8221;lg&#8221; align=&#8221;center&#8221; button_block=&#8221;true&#8221; link=&#8221;url:http%3A%2F%2Fwww.aerofix.com.tr%2Faerocut%2F&#8221;][vc_empty_space][\/vc_column_inner][vc_column_inner width=&#8221;1\/3&#8243;][\/vc_column_inner][vc_column_inner width=&#8221;1\/3&#8243;][\/vc_column_inner][\/vc_row_inner][\/vc_column][\/vc_row][vc_row][vc_column][vc_column_text]<\/p>\n<p>[\/vc_column_text][\/vc_column][\/vc_row]<\/p>","protected":false},"excerpt":{"rendered":"<p>[vc_row][vc_column][vc_column_text] [\/vc_column_text][\/vc_column][\/vc_row][vc_row][vc_column][vc_row_inner][vc_column_inner width=&#8221;1\/3&#8243;][vc_single_image image=&#8221;1147&#8243; img_size=&#8221;full&#8221; alignment=&#8221;center&#8221; style=&#8221;vc_box_outline&#8221; border_color=&#8221;orange&#8221; onclick=&#8221;custom_link&#8221; link=&#8221;http:\/\/www.aerofix.com.tr\/release-agent-silicone-spray\/&#8221;][vc_btn title=&#8221;KALIP AYIRICI S\u0130L\u0130KON SPREY 500ML&#8221; color=&#8221;warning&#8221; size=&#8221;lg&#8221; align=&#8221;center&#8221; button_block=&#8221;true&#8221; link=&#8221;url:http%3A%2F%2Fwww.aerofix.com.tr%2Frelease-agent-silicone-spray%2F&#8221;][vc_empty_space][\/vc_column_inner][vc_column_inner width=&#8221;1\/3&#8243;][vc_single_image image=&#8221;1149&#8243; img_size=&#8221;full&#8221; alignment=&#8221;center&#8221; style=&#8221;vc_box_outline&#8221; border_color=&#8221;orange&#8221; onclick=&#8221;custom_link&#8221; link=&#8221;http:\/\/www.aerofix.com.tr\/silicone-free-mould-release-agent-spray\/&#8221;][vc_btn title=&#8221;S\u0130L\u0130KONSUZ KALIP AYIRICI SPREY 500ML&#8221; color=&#8221;warning&#8221; size=&#8221;lg&#8221; align=&#8221;center&#8221; button_block=&#8221;true&#8221; link=&#8221;url:http%3A%2F%2Fwww.aerofix.com.tr%2Fsilicone-free-mould-release-agent-spray%2F&#8221;][vc_empty_space][\/vc_column_inner][vc_column_inner width=&#8221;1\/3&#8243;][vc_single_image image=&#8221;1150&#8243;&#8230;<\/p>\n","protected":false},"author":1,"featured_media":0,"parent":0,"menu_order":0,"comment_status":"closed","ping_status":"closed","template":"","meta":[],"_links":{"self":[{"href":"https:\/\/www.aerofix.com.tr\/tr\/wp-json\/wp\/v2\/pages\/982"}],"collection":[{"href":"https:\/\/www.aerofix.com.tr\/tr\/wp-json\/wp\/v2\/pages"}],"about":[{"href":"https:\/\/www.aerofix.com.tr\/tr\/wp-json\/wp\/v2\/types\/page"}],"author":[{"embeddable":true,"href":"https:\/\/www.aerofix.com.tr\/tr\/wp-json\/wp\/v2\/users\/1"}],"replies":[{"embeddable":true,"href":"https:\/\/www.aerofix.com.tr\/tr\/wp-json\/wp\/v2\/comments?post=982"}],"version-history":[{"count":9,"href":"https:\/\/www.aerofix.com.tr\/tr\/wp-json\/wp\/v2\/pages\/982\/revisions"}],"predecessor-version":[{"id":1642,"href":"https:\/\/www.aerofix.com.tr\/tr\/wp-json\/wp\/v2\/pages\/982\/revisions\/1642"}],"wp:attachment":[{"href":"https:\/\/www.aerofix.com.tr\/tr\/wp-json\/wp\/v2\/media?parent=982"}],"curies":[{"name":"wp","href":"https:\/\/api.w.org\/{rel}","templated":true}]}}