{"id":957,"date":"2022-02-21T09:40:52","date_gmt":"2022-02-21T06:40:52","guid":{"rendered":"http:\/\/www.aerofix.com.tr\/?page_id=957"},"modified":"2022-04-29T17:19:24","modified_gmt":"2022-04-29T14:19:24","slug":"957-2","status":"publish","type":"page","link":"https:\/\/www.aerofix.com.tr\/tr\/957-2\/","title":{"rendered":"\u00c7OK AMA\u00c7LI BAKIM SPREY 500ML"},"content":{"rendered":"<p>[vc_row][vc_column][vc_column_text][\/vc_column_text][\/vc_column][\/vc_row][vc_row][vc_column][vc_column_text][\/vc_column_text][\/vc_column][\/vc_row][vc_row][vc_column][vc_column_text][\/vc_column_text][\/vc_column][\/vc_row][vc_row][vc_column][vc_column_text][\/vc_column_text][\/vc_column][\/vc_row][vc_row][vc_column width=&#8221;1\/2&#8243;][vc_empty_space][vc_single_image image=&#8221;958&#8243; img_size=&#8221;full&#8221; alignment=&#8221;center&#8221;][\/vc_column][vc_column width=&#8221;1\/2&#8243;][vc_single_image image=&#8221;1333&#8243; img_size=&#8221;full&#8221; alignment=&#8221;center&#8221; onclick=&#8221;img_link_large&#8221;][\/vc_column][\/vc_row][vc_row][vc_column][vc_column_text]\n<div class=\"wpdt-c row wpDataTableContainerSimpleTable wpDataTables wpDataTablesWrapper\n wdtscroll\"\n    >\n        <table id=\"wpdtSimpleTable-19\"\n           class=\"wpdtSimpleTable wpDataTable\"\n           style=\"border-collapse:collapse;\n                   border-spacing:0px;\"\n           data-column=\"9\"\n           data-rows=\"2\"\n           data-wpID=\"19\"\n           data-responsive=\"0\"\n           data-has-header=\"0\">\n\n                    <tbody>        <tr class=\"wpdt-cell-row \" >\n                            <td class=\"wpdt-cell wpdt-bold wpdt-fs-000015 wpdt-bc-F59D3A wpdt-tc-000000\"\n                                    data-cell-id=\"A1\"\n                data-col-index=\"0\"\n                data-row-index=\"0\"\n                style=\" width:176px;                padding:10px;\n                \"\n                >\n                                \u00dcR\u00dcN                <\/td>\n                                            <td class=\"wpdt-cell wpdt-bold wpdt-fs-000015 wpdt-bc-F59D3A wpdt-tc-000000\"\n                                    data-cell-id=\"B1\"\n                data-col-index=\"1\"\n                data-row-index=\"0\"\n                style=\" width:100px;                padding:10px;\n                \"\n                >\n                                NET A\u011eIRLIK                <\/td>\n                                            <td class=\"wpdt-cell wpdt-bold wpdt-fs-000015 wpdt-bc-F59D3A wpdt-tc-000000\"\n                                    data-cell-id=\"C1\"\n                data-col-index=\"2\"\n                data-row-index=\"0\"\n                style=\" width:100px;                padding:10px;\n                \"\n                >\n                                KOL\u0130 ADET                <\/td>\n                                            <td class=\"wpdt-cell wpdt-bold wpdt-fs-000015 wpdt-bc-F59D3A wpdt-tc-000000\"\n                                    data-cell-id=\"D1\"\n                data-col-index=\"3\"\n                data-row-index=\"0\"\n                style=\" width:100px;                padding:10px;\n                \"\n                >\n                                KOL\u0130 A\u011eIRLIK                <\/td>\n                                            <td class=\"wpdt-cell wpdt-bold wpdt-fs-000015 wpdt-bc-F59D3A wpdt-tc-000000\"\n                                    data-cell-id=\"E1\"\n                data-col-index=\"4\"\n                data-row-index=\"0\"\n                style=\" width:100px;                padding:10px;\n                \"\n                >\n                                KOL\u0130 NET A\u011eIRLIK                <\/td>\n                                            <td class=\"wpdt-cell wpdt-bold wpdt-fs-000015 wpdt-bc-F59D3A wpdt-tc-000000\"\n                                    data-cell-id=\"F1\"\n                data-col-index=\"5\"\n                data-row-index=\"0\"\n                style=\" width:125px;                padding:10px;\n                \"\n                >\n                                KOL\u0130 \u00d6L\u00c7\u00dc                <\/td>\n                                            <td class=\"wpdt-cell wpdt-fs-000015 wpdt-bold wpdt-bc-F59D3A wpdt-tc-000000\"\n                                    data-cell-id=\"G1\"\n                data-col-index=\"6\"\n                data-row-index=\"0\"\n                style=\" width:144px;                padding:10px;\n                \"\n                >\n                                PALET KOL\u0130 ADET                <\/td>\n                                            <td class=\"wpdt-cell wpdt-bold wpdt-fs-000015 wpdt-bc-F59D3A wpdt-tc-000000\"\n                                    data-cell-id=\"H1\"\n                data-col-index=\"7\"\n                data-row-index=\"0\"\n                style=\" width:100px;                padding:10px;\n                \"\n                >\n                                PALET A\u011eIRLIK                <\/td>\n                                            <td class=\"wpdt-cell wpdt-bold wpdt-fs-000015 wpdt-bc-F59D3A wpdt-tc-000000\"\n                                    data-cell-id=\"I1\"\n                data-col-index=\"8\"\n                data-row-index=\"0\"\n                style=\" width:135px;                padding:10px;\n                \"\n                >\n                                PALET \u00d6L\u00c7\u00dc                <\/td>\n                                        <\/tr>\n                            <tr class=\"wpdt-cell-row \" style=\"height:81px;\">\n                            <td class=\"wpdt-cell wpdt-bold wpdt-tc-000000\"\n                                    data-cell-id=\"A2\"\n                data-col-index=\"0\"\n                data-row-index=\"1\"\n                style=\"                padding:10px;\n                \"\n                >\n                                \u00c7OK AMA\u00c7LI BAKIM SPREY                <\/td>\n                                            <td class=\"wpdt-cell wpdt-bold wpdt-tc-000000\"\n                                    data-cell-id=\"B2\"\n                data-col-index=\"1\"\n                data-row-index=\"1\"\n                style=\"                padding:10px;\n                \"\n                >\n                                500ML                <\/td>\n                                            <td class=\"wpdt-cell wpdt-bold wpdt-tc-000000\"\n                                    data-cell-id=\"C2\"\n                data-col-index=\"2\"\n                data-row-index=\"1\"\n                style=\"                padding:10px;\n                \"\n                >\n                                24                <\/td>\n                                            <td class=\"wpdt-cell wpdt-bold wpdt-tc-000000\"\n                                    data-cell-id=\"D2\"\n                data-col-index=\"3\"\n                data-row-index=\"1\"\n                style=\"                padding:10px;\n                \"\n                >\n                                9,96                <\/td>\n                                            <td class=\"wpdt-cell wpdt-bold wpdt-tc-000000\"\n                                    data-cell-id=\"E2\"\n                data-col-index=\"4\"\n                data-row-index=\"1\"\n                style=\"                padding:10px;\n                \"\n                >\n                                8,04                <\/td>\n                                            <td class=\"wpdt-cell wpdt-bold wpdt-tc-000000\"\n                                    data-cell-id=\"F2\"\n                data-col-index=\"5\"\n                data-row-index=\"1\"\n                style=\"                padding:10px;\n                \"\n                >\n                                40X25X27,5                <\/td>\n                                            <td class=\"wpdt-cell wpdt-bold wpdt-tc-000000\"\n                                    data-cell-id=\"G2\"\n                data-col-index=\"6\"\n                data-row-index=\"1\"\n                style=\"                padding:10px;\n                \"\n                >\n                                80                <\/td>\n                                            <td class=\"wpdt-cell wpdt-bold wpdt-tc-000000\"\n                                    data-cell-id=\"H2\"\n                data-col-index=\"7\"\n                data-row-index=\"1\"\n                style=\"                padding:10px;\n                \"\n                >\n                                796,8                <\/td>\n                                            <td class=\"wpdt-cell wpdt-bold wpdt-tc-000000\"\n                                    data-cell-id=\"I2\"\n                data-col-index=\"8\"\n                data-row-index=\"1\"\n                style=\"                padding:10px;\n                \"\n                >\n                                100\/120                <\/td>\n                                        <\/tr>\n                    <\/table>\n<\/div><style id='wpdt-custom-style-19'>\n.wpdt-fs-000015 { font-size: 15px !important;}\n.wpdt-bc-F59D3A { background-color: #F59D3A !important;}\n.wpdt-tc-000000 { color: #000000 !important;}\n<\/style>\n[\/vc_column_text][\/vc_column][\/vc_row][vc_row][vc_column][vc_empty_space][vc_column_text]<\/p>\n<h1><strong>Tan\u0131m<\/strong><\/h1>\n<p>[\/vc_column_text][vc_empty_space height=&#8221;12px&#8221;][vc_column_text]<\/p>\n<h3><strong>\u00c7OK AMA\u00c7LI BAKIM SPREY 500ML: <\/strong>Ya\u011flar\u0131 temizler, korur, kal\u0131nt\u0131lar\u0131 ve yap\u0131\u015ft\u0131r\u0131c\u0131lar\u0131 \u00e7\u00f6zer ve son derece zor lekeleri \u00e7\u0131kar\u0131r. Korozyon \u00f6nleyici bir ya\u011flay\u0131c\u0131d\u0131r. En dar yerlere n\u00fcfuz ederek su ve nem gibi d\u0131\u015f etkenlerden koruyan y\u00fczeylere \u00e7ok iyi yay\u0131l\u0131r ve yap\u0131\u015f\u0131r. Su ve nemin istenmedi\u011fi otomotiv ve gemi in\u015fa sanayinde m\u00fckemmel su itici olarak kullan\u0131l\u0131r. G\u0131c\u0131rt\u0131lar\u0131 ortadan kald\u0131r\u0131r ve uzun s\u00fcre sessiz \u00e7al\u0131\u015fmas\u0131n\u0131 sa\u011flar. Ara\u00e7larda motor parlatma ve c\u0131vata s\u00f6kme i\u015flemlerinde rahatl\u0131kla kullan\u0131labilir.<\/h3>\n<p>[\/vc_column_text][vc_empty_space][vc_empty_space][\/vc_column][\/vc_row][vc_row][vc_column width=&#8221;1\/2&#8243;][vc_column_text]<iframe title=\"YouTube video player\" src=\"https:\/\/www.youtube.com\/embed\/3AVGzwWV0kE\" width=\"560\" height=\"315\" frameborder=\"0\" allowfullscreen=\"allowfullscreen\"><\/iframe>[\/vc_column_text][\/vc_column][vc_column width=&#8221;1\/2&#8243;][vc_empty_space][vc_single_image image=&#8221;937&#8243; img_size=&#8221;full&#8221; alignment=&#8221;center&#8221;][\/vc_column][\/vc_row][vc_row][vc_column][vc_column_text][\/vc_column_text][\/vc_column][\/vc_row][vc_row][vc_column][vc_column_text][\/vc_column_text][\/vc_column][\/vc_row][vc_row][vc_column][vc_column_text][\/vc_column_text][\/vc_column][\/vc_row][vc_row][vc_column][vc_column_text][\/vc_column_text][\/vc_column][\/vc_row]<\/p>","protected":false},"excerpt":{"rendered":"<p>[vc_row][vc_column][vc_column_text][\/vc_column_text][\/vc_column][\/vc_row][vc_row][vc_column][vc_column_text][\/vc_column_text][\/vc_column][\/vc_row][vc_row][vc_column][vc_column_text][\/vc_column_text][\/vc_column][\/vc_row][vc_row][vc_column][vc_column_text][\/vc_column_text][\/vc_column][\/vc_row][vc_row][vc_column width=&#8221;1\/2&#8243;][vc_empty_space][vc_single_image image=&#8221;958&#8243; img_size=&#8221;full&#8221; alignment=&#8221;center&#8221;][\/vc_column][vc_column width=&#8221;1\/2&#8243;][vc_single_image image=&#8221;1333&#8243; img_size=&#8221;full&#8221; alignment=&#8221;center&#8221; onclick=&#8221;img_link_large&#8221;][\/vc_column][\/vc_row][vc_row][vc_column][vc_column_text][\/vc_column_text][\/vc_column][\/vc_row][vc_row][vc_column][vc_empty_space][vc_column_text] Tan\u0131m [\/vc_column_text][vc_empty_space height=&#8221;12px&#8221;][vc_column_text] \u00c7OK AMA\u00c7LI BAKIM SPREY 500ML: Ya\u011flar\u0131 temizler, korur, kal\u0131nt\u0131lar\u0131 ve yap\u0131\u015ft\u0131r\u0131c\u0131lar\u0131 \u00e7\u00f6zer ve son derece zor lekeleri \u00e7\u0131kar\u0131r. Korozyon \u00f6nleyici bir ya\u011flay\u0131c\u0131d\u0131r. En dar yerlere n\u00fcfuz ederek&#8230;<\/p>\n","protected":false},"author":1,"featured_media":0,"parent":0,"menu_order":0,"comment_status":"closed","ping_status":"closed","template":"","meta":[],"_links":{"self":[{"href":"https:\/\/www.aerofix.com.tr\/tr\/wp-json\/wp\/v2\/pages\/957"}],"collection":[{"href":"https:\/\/www.aerofix.com.tr\/tr\/wp-json\/wp\/v2\/pages"}],"about":[{"href":"https:\/\/www.aerofix.com.tr\/tr\/wp-json\/wp\/v2\/types\/page"}],"author":[{"embeddable":true,"href":"https:\/\/www.aerofix.com.tr\/tr\/wp-json\/wp\/v2\/users\/1"}],"replies":[{"embeddable":true,"href":"https:\/\/www.aerofix.com.tr\/tr\/wp-json\/wp\/v2\/comments?post=957"}],"version-history":[{"count":35,"href":"https:\/\/www.aerofix.com.tr\/tr\/wp-json\/wp\/v2\/pages\/957\/revisions"}],"predecessor-version":[{"id":1631,"href":"https:\/\/www.aerofix.com.tr\/tr\/wp-json\/wp\/v2\/pages\/957\/revisions\/1631"}],"wp:attachment":[{"href":"https:\/\/www.aerofix.com.tr\/tr\/wp-json\/wp\/v2\/media?parent=957"}],"curies":[{"name":"wp","href":"https:\/\/api.w.org\/{rel}","templated":true}]}}