{"id":952,"date":"2022-02-21T08:08:34","date_gmt":"2022-02-21T05:08:34","guid":{"rendered":"http:\/\/www.aerofix.com.tr\/?page_id=952"},"modified":"2022-04-29T17:40:10","modified_gmt":"2022-04-29T14:40:10","slug":"about-us","status":"publish","type":"page","link":"https:\/\/www.aerofix.com.tr\/tr\/about-us\/","title":{"rendered":"HAKKIMIZDA"},"content":{"rendered":"<p>[vc_row][vc_column][vc_column_text][\/vc_column_text][\/vc_column][\/vc_row][vc_row][vc_column width=&#8221;1\/2&#8243;][vc_single_image image=&#8221;955&#8243; img_size=&#8221;full&#8221; css_animation=&#8221;fadeInLeft&#8221; css=&#8221;.vc_custom_1645424257293{margin-top: 30px !important;}&#8221;][\/vc_column][vc_column width=&#8221;1\/2&#8243;][vc_text_separator title=&#8221;HAKKIMIZDA&#8221; color=&#8221;black&#8221;][vc_empty_space height=&#8221;20px&#8221;][vc_column_text css_animation=&#8221;fadeInRight&#8221;]35 y\u0131l\u0131 a\u015fk\u0131n bilgi birikimimiz ile g\u00fcn\u00fcm\u00fcz ihtiya\u00e7lar\u0131na g\u00f6re son teknoloji ile haz\u0131rlad\u0131\u011f\u0131m\u0131z \u00fcr\u00fcnlerle m\u00fc\u015fterilerimizin ihtiya\u00e7lar\u0131n\u0131 kar\u015f\u0131l\u0131yoruz. M\u00fc\u015fteri odakl\u0131 \u00e7al\u0131\u015fan kadromuz, portf\u00f6y\u00fcm\u00fczdeki 150&#8217;den fazla \u00fcr\u00fcn ile m\u00fc\u015fterilerimizin taleplerini kar\u015f\u0131lamaktad\u0131r. \u0130htiya\u00e7 duyulan yeni \u00fcr\u00fcnler i\u00e7in b\u00fcy\u00fck bir heyecanla \u00e7al\u0131\u015f\u0131yor ve portf\u00f6y\u00fcm\u00fcze ekliyoruz.<\/p>\n<p>\u0130\u015finizi daha iyi hale getiren g\u00fcvenilir \u00fcr\u00fcnler sunarak m\u00fc\u015fterilerimizi memnun etmeyi ama\u00e7l\u0131yoruz. Stratejik hedeflerimize ula\u015fmak ve temel de\u011ferlerimizi korumak i\u00e7in i\u015f y\u00f6netim sistemimizin etkinli\u011fini s\u00fcrekli \u00f6l\u00e7\u00fcyor ve iyile\u015ftiriyoruz.<\/p>\n<p>\u00c7al\u0131\u015fkan, d\u00fcr\u00fcst, kar\u015f\u0131l\u0131kl\u0131 g\u00fcven ve sayg\u0131ya dayal\u0131 ekibimiz bir tak\u0131m oyuncusudur; Kaliteli \u00fcr\u00fcnlerle m\u00fc\u015fteri memnuniyetini beklentilerin \u00f6tesine ta\u015f\u0131may\u0131 ilke edinmi\u015flerdir.[\/vc_column_text][\/vc_column][\/vc_row][vc_row css=&#8221;.vc_custom_1528673138891{margin-top: 30px !important;}&#8221;][vc_column width=&#8221;1\/2&#8243;][vc_text_separator title=&#8221;Vizyonumuz&#8221; color=&#8221;black&#8221;][vc_empty_space][vc_column_text css_animation=&#8221;fadeInDown&#8221;]Modern \u00fcretim sistemlerini ve bilgi birikimini nitelikli i\u015fg\u00fcc\u00fc ile birle\u015ftirerek, \u00fcretti\u011fi kaliteli \u00fcr\u00fcn ve hizmet anlay\u0131\u015f\u0131nda istikrar\u0131 sa\u011flamak, ko\u015fulsuz m\u00fc\u015fteri memnuniyetini esas almak, sosyal sorumluluk bilinciyle \u00e7evreye ve topluma fayda sa\u011flamak ve bu hedef do\u011frultusunda s\u00fcrekli b\u00fcy\u00fcmek. yerli ve yabanc\u0131 m\u00fc\u015fterilerimiz ve tedarik\u00e7ilerimizle ayn\u0131 hedefi ger\u00e7ekle\u015ftirmek. Uluslararas\u0131 arenada lider, g\u00fcvenilir ve \u00f6rnek bir \u015firket olmak.[\/vc_column_text][\/vc_column][vc_column width=&#8221;1\/2&#8243;][vc_text_separator title=&#8221;Misyonumuz&#8221; color=&#8221;black&#8221;][vc_empty_space][vc_column_text css_animation=&#8221;fadeInDown&#8221;]Modern, sayg\u0131n ve g\u00fcvenilir bir \u015firket olarak; Etik ve ahlaki de\u011ferler \u0131\u015f\u0131\u011f\u0131nda kalite ve hizmet anlay\u0131\u015f\u0131m\u0131zdan taviz vermeden, m\u00fc\u015fteri memnuniyetini \u00f6n planda tutarak i\u00e7 ve d\u0131\u015f pazarlarda sat\u0131\u015flar\u0131m\u0131z\u0131 art\u0131rmak, s\u00fcrekli geli\u015fim ve de\u011fi\u015fim anlay\u0131\u015f\u0131yla marka bilinirli\u011fimizi peki\u015ftirmek ve yaratmak. Bunu yaparken istihdam, \u00fclke ekonomisine, topluma ve \u00e7evreye fayda sa\u011flamak.[\/vc_column_text][\/vc_column][\/vc_row][vc_row][vc_column][vc_column_text][\/vc_column_text][\/vc_column][\/vc_row]<\/p>","protected":false},"excerpt":{"rendered":"<p>[vc_row][vc_column][vc_column_text][\/vc_column_text][\/vc_column][\/vc_row][vc_row][vc_column width=&#8221;1\/2&#8243;][vc_single_image image=&#8221;955&#8243; img_size=&#8221;full&#8221; css_animation=&#8221;fadeInLeft&#8221; css=&#8221;.vc_custom_1645424257293{margin-top: 30px !important;}&#8221;][\/vc_column][vc_column width=&#8221;1\/2&#8243;][vc_text_separator title=&#8221;HAKKIMIZDA&#8221; color=&#8221;black&#8221;][vc_empty_space height=&#8221;20px&#8221;][vc_column_text css_animation=&#8221;fadeInRight&#8221;]35 y\u0131l\u0131 a\u015fk\u0131n bilgi birikimimiz ile g\u00fcn\u00fcm\u00fcz ihtiya\u00e7lar\u0131na g\u00f6re son teknoloji ile haz\u0131rlad\u0131\u011f\u0131m\u0131z \u00fcr\u00fcnlerle m\u00fc\u015fterilerimizin ihtiya\u00e7lar\u0131n\u0131 kar\u015f\u0131l\u0131yoruz. M\u00fc\u015fteri odakl\u0131 \u00e7al\u0131\u015fan kadromuz, portf\u00f6y\u00fcm\u00fczdeki 150&#8217;den fazla \u00fcr\u00fcn ile m\u00fc\u015fterilerimizin taleplerini&#8230;<\/p>\n","protected":false},"author":1,"featured_media":0,"parent":0,"menu_order":0,"comment_status":"closed","ping_status":"closed","template":"","meta":[],"_links":{"self":[{"href":"https:\/\/www.aerofix.com.tr\/tr\/wp-json\/wp\/v2\/pages\/952"}],"collection":[{"href":"https:\/\/www.aerofix.com.tr\/tr\/wp-json\/wp\/v2\/pages"}],"about":[{"href":"https:\/\/www.aerofix.com.tr\/tr\/wp-json\/wp\/v2\/types\/page"}],"author":[{"embeddable":true,"href":"https:\/\/www.aerofix.com.tr\/tr\/wp-json\/wp\/v2\/users\/1"}],"replies":[{"embeddable":true,"href":"https:\/\/www.aerofix.com.tr\/tr\/wp-json\/wp\/v2\/comments?post=952"}],"version-history":[{"count":16,"href":"https:\/\/www.aerofix.com.tr\/tr\/wp-json\/wp\/v2\/pages\/952\/revisions"}],"predecessor-version":[{"id":1635,"href":"https:\/\/www.aerofix.com.tr\/tr\/wp-json\/wp\/v2\/pages\/952\/revisions\/1635"}],"wp:attachment":[{"href":"https:\/\/www.aerofix.com.tr\/tr\/wp-json\/wp\/v2\/media?parent=952"}],"curies":[{"name":"wp","href":"https:\/\/api.w.org\/{rel}","templated":true}]}}