{"id":1070,"date":"2022-02-23T15:21:46","date_gmt":"2022-02-23T12:21:46","guid":{"rendered":"http:\/\/www.aerofix.com.tr\/?page_id=1070"},"modified":"2022-05-09T14:47:44","modified_gmt":"2022-05-09T11:47:44","slug":"aeroclean","status":"publish","type":"page","link":"https:\/\/www.aerofix.com.tr\/tr\/aeroclean\/","title":{"rendered":"AEROCLEAN TERMOPLAST\u0130K VE RENK DE\u011e\u0130\u015e\u0130M\u0130NDE HIZLI VE ETK\u0130L\u0130 TEM\u0130ZL\u0130K 500 GR"},"content":{"rendered":"<p>[vc_row][vc_column][vc_column_text][\/vc_column_text][\/vc_column][\/vc_row][vc_row][vc_column][vc_column_text][\/vc_column_text][\/vc_column][\/vc_row][vc_row][vc_column width=&#8221;1\/2&#8243;][vc_empty_space][vc_single_image image=&#8221;1218&#8243; img_size=&#8221;full&#8221; alignment=&#8221;center&#8221;][\/vc_column][vc_column width=&#8221;1\/2&#8243;][vc_empty_space][vc_single_image image=&#8221;1345&#8243; img_size=&#8221;full&#8221; alignment=&#8221;center&#8221; onclick=&#8221;img_link_large&#8221;][\/vc_column][\/vc_row][vc_row][vc_column][vc_column_text]\n<div class=\"wpdt-c row wpDataTableContainerSimpleTable wpDataTables wpDataTablesWrapper\n wdtscroll\"\n    >\n        <table id=\"wpdtSimpleTable-25\"\n           class=\"wpdtSimpleTable wpDataTable\"\n           style=\"border-collapse:collapse;\n                   border-spacing:0px;\"\n           data-column=\"6\"\n           data-rows=\"2\"\n           data-wpID=\"25\"\n           data-responsive=\"0\"\n           data-has-header=\"0\">\n\n                    <tbody>        <tr class=\"wpdt-cell-row \" >\n                            <td class=\"wpdt-cell wpdt-bold wpdt-fs-000015 wpdt-bc-F59D3A wpdt-tc-000000\"\n                                    data-cell-id=\"A1\"\n                data-col-index=\"0\"\n                data-row-index=\"0\"\n                style=\" width:176px;                padding:10px;\n                \"\n                >\n                                \u00dcR\u00dcN                <\/td>\n                                            <td class=\"wpdt-cell wpdt-bold wpdt-fs-000015 wpdt-bc-F59D3A wpdt-tc-000000\"\n                                    data-cell-id=\"B1\"\n                data-col-index=\"1\"\n                data-row-index=\"0\"\n                style=\" width:100px;                padding:10px;\n                \"\n                >\n                                NET A\u011eIRLIK                <\/td>\n                                            <td class=\"wpdt-cell wpdt-bold wpdt-fs-000015 wpdt-bc-F59D3A wpdt-tc-000000\"\n                                    data-cell-id=\"C1\"\n                data-col-index=\"2\"\n                data-row-index=\"0\"\n                style=\" width:100px;                padding:10px;\n                \"\n                >\n                                KOL\u0130 ADET                <\/td>\n                                            <td class=\"wpdt-cell wpdt-bold wpdt-fs-000015 wpdt-bc-F59D3A wpdt-tc-000000\"\n                                    data-cell-id=\"D1\"\n                data-col-index=\"3\"\n                data-row-index=\"0\"\n                style=\" width:100px;                padding:10px;\n                \"\n                >\n                                KOL\u0130 A\u011eIRLIK                <\/td>\n                                            <td class=\"wpdt-cell wpdt-bold wpdt-fs-000015 wpdt-bc-F59D3A wpdt-tc-000000\"\n                                    data-cell-id=\"E1\"\n                data-col-index=\"4\"\n                data-row-index=\"0\"\n                style=\" width:100px;                padding:10px;\n                \"\n                >\n                                KOL\u0130 NET A\u011eIRLIK                <\/td>\n                                            <td class=\"wpdt-cell wpdt-bold wpdt-fs-000015 wpdt-bc-F59D3A wpdt-tc-000000\"\n                                    data-cell-id=\"F1\"\n                data-col-index=\"5\"\n                data-row-index=\"0\"\n                style=\" width:125px;                padding:10px;\n                \"\n                >\n                                KOL\u0130 \u00d6L\u00c7\u00dc                <\/td>\n                                        <\/tr>\n                            <tr class=\"wpdt-cell-row \" style=\"height:81px;\">\n                            <td class=\"wpdt-cell wpdt-bold wpdt-tc-000000\"\n                                    data-cell-id=\"A2\"\n                data-col-index=\"0\"\n                data-row-index=\"1\"\n                style=\"                padding:10px;\n                \"\n                >\n                                AEROCLEAN TERMOPLAST\u0130K VE RENK DE\u011e\u0130\u015e\u0130M\u0130NDE HIZLI VE ETK\u0130L\u0130 TEM\u0130ZL\u0130K                <\/td>\n                                            <td class=\"wpdt-cell wpdt-bold wpdt-tc-000000\"\n                                    data-cell-id=\"B2\"\n                data-col-index=\"1\"\n                data-row-index=\"1\"\n                style=\"                padding:10px;\n                \"\n                >\n                                500GR                <\/td>\n                                            <td class=\"wpdt-cell wpdt-bold wpdt-tc-000000\"\n                                    data-cell-id=\"C2\"\n                data-col-index=\"2\"\n                data-row-index=\"1\"\n                style=\"                padding:10px;\n                \"\n                >\n                                12                <\/td>\n                                            <td class=\"wpdt-cell wpdt-bold wpdt-tc-000000\"\n                                    data-cell-id=\"D2\"\n                data-col-index=\"3\"\n                data-row-index=\"1\"\n                style=\"                padding:10px;\n                \"\n                >\n                                6,71                <\/td>\n                                            <td class=\"wpdt-cell wpdt-bold wpdt-tc-000000\"\n                                    data-cell-id=\"E2\"\n                data-col-index=\"4\"\n                data-row-index=\"1\"\n                style=\"                padding:10px;\n                \"\n                >\n                                4,79                <\/td>\n                                            <td class=\"wpdt-cell wpdt-bold wpdt-tc-000000\"\n                                    data-cell-id=\"F2\"\n                data-col-index=\"5\"\n                data-row-index=\"1\"\n                style=\"                padding:10px;\n                \"\n                >\n                                30X19X22                <\/td>\n                                        <\/tr>\n                    <\/table>\n<\/div><style id='wpdt-custom-style-25'>\n.wpdt-fs-000015 { font-size: 15px !important;}\n.wpdt-bc-F59D3A { background-color: #F59D3A !important;}\n.wpdt-tc-000000 { color: #000000 !important;}\n<\/style>\n[\/vc_column_text][\/vc_column][\/vc_row][vc_row][vc_column][vc_empty_space][vc_column_text]<\/p>\n<h1><strong>Tan\u0131m<\/strong><\/h1>\n<p>[\/vc_column_text][vc_empty_space height=&#8221;12px&#8221;][vc_column_text]<\/p>\n<h3>AEROCLEAN TERMOPLAST\u0130K VE RENK DE\u011e\u0130\u015e\u0130M\u0130NDE HIZLI VE ETK\u0130L\u0130 TEM\u0130ZL\u0130K 500 GR : Malzemelerin h\u0131zl\u0131 ve verimli bir \u015fekilde temizlenmesini sa\u011flar. Renk de\u011fi\u015fimi sorunlar\u0131n\u0131 \u00e7\u00f6zer. Bili\u015fim Teknoloji malzemelerinde \u00a0verimlilik sa\u011flar. Oksitlenmi\u015f, yanm\u0131\u015f ve inat\u00e7\u0131 t\u00fcm plastik kal\u0131nt\u0131lar\u0131n\u0131 kolayca temizler. AEROCLEAN makinenin t\u00fcm PVC, PP, TPU, PPS, PA6, PA66, POM, HOPE, LOPE, EVA, PS, ABS, PMMA, PC, SAN, SBS, SEBS, CA, PBT, PET malzemelerinin temizli\u011finde etkilidir. T\u00fcm plastik makinelerin temizli\u011finde kullan\u0131m\u0131 kolayd\u0131r.<\/h3>\n<h3>\u00b7\u00a0Enjeksiyon makineleri (standart ve s\u0131cak yolluklar),<\/h3>\n<h3>\u00b7\u00a0Ekstr\u00fczyon makineleri (bile\u015fik, levha, profil, kablo, boru),<\/h3>\n<h3>\u00b7\u00a0\u015ei\u015firme makineleri (paketleme, film).<\/h3>\n<h3>Makine ile ilgili t\u00fcm temizlik problemlerini h\u0131zl\u0131 bir \u015fekilde \u00e7\u00f6zer.<\/h3>\n<p>[\/vc_column_text][vc_empty_space][vc_empty_space][\/vc_column][\/vc_row][vc_row][vc_column][vc_empty_space][vc_single_image image=&#8221;937&#8243; img_size=&#8221;full&#8221; alignment=&#8221;center&#8221;][\/vc_column][\/vc_row][vc_row][vc_column][vc_column_text][\/vc_column_text][\/vc_column][\/vc_row][vc_row][vc_column][vc_column_text][\/vc_column_text][\/vc_column][\/vc_row]<\/p>","protected":false},"excerpt":{"rendered":"<p>[vc_row][vc_column][vc_column_text][\/vc_column_text][\/vc_column][\/vc_row][vc_row][vc_column][vc_column_text][\/vc_column_text][\/vc_column][\/vc_row][vc_row][vc_column width=&#8221;1\/2&#8243;][vc_empty_space][vc_single_image image=&#8221;1218&#8243; img_size=&#8221;full&#8221; alignment=&#8221;center&#8221;][\/vc_column][vc_column width=&#8221;1\/2&#8243;][vc_empty_space][vc_single_image image=&#8221;1345&#8243; img_size=&#8221;full&#8221; alignment=&#8221;center&#8221; onclick=&#8221;img_link_large&#8221;][\/vc_column][\/vc_row][vc_row][vc_column][vc_column_text][\/vc_column_text][\/vc_column][\/vc_row][vc_row][vc_column][vc_empty_space][vc_column_text] Tan\u0131m [\/vc_column_text][vc_empty_space height=&#8221;12px&#8221;][vc_column_text] AEROCLEAN TERMOPLAST\u0130K VE RENK DE\u011e\u0130\u015e\u0130M\u0130NDE HIZLI VE ETK\u0130L\u0130 TEM\u0130ZL\u0130K 500 GR : Malzemelerin h\u0131zl\u0131 ve verimli bir \u015fekilde temizlenmesini sa\u011flar. Renk de\u011fi\u015fimi sorunlar\u0131n\u0131 \u00e7\u00f6zer. Bili\u015fim Teknoloji malzemelerinde&#8230;<\/p>\n","protected":false},"author":1,"featured_media":0,"parent":0,"menu_order":0,"comment_status":"closed","ping_status":"closed","template":"","meta":[],"_links":{"self":[{"href":"https:\/\/www.aerofix.com.tr\/tr\/wp-json\/wp\/v2\/pages\/1070"}],"collection":[{"href":"https:\/\/www.aerofix.com.tr\/tr\/wp-json\/wp\/v2\/pages"}],"about":[{"href":"https:\/\/www.aerofix.com.tr\/tr\/wp-json\/wp\/v2\/types\/page"}],"author":[{"embeddable":true,"href":"https:\/\/www.aerofix.com.tr\/tr\/wp-json\/wp\/v2\/users\/1"}],"replies":[{"embeddable":true,"href":"https:\/\/www.aerofix.com.tr\/tr\/wp-json\/wp\/v2\/comments?post=1070"}],"version-history":[{"count":23,"href":"https:\/\/www.aerofix.com.tr\/tr\/wp-json\/wp\/v2\/pages\/1070\/revisions"}],"predecessor-version":[{"id":1646,"href":"https:\/\/www.aerofix.com.tr\/tr\/wp-json\/wp\/v2\/pages\/1070\/revisions\/1646"}],"wp:attachment":[{"href":"https:\/\/www.aerofix.com.tr\/tr\/wp-json\/wp\/v2\/media?parent=1070"}],"curies":[{"name":"wp","href":"https:\/\/api.w.org\/{rel}","templated":true}]}}