{"id":1061,"date":"2022-02-23T15:22:07","date_gmt":"2022-02-23T12:22:07","guid":{"rendered":"http:\/\/www.aerofix.com.tr\/?page_id=1061"},"modified":"2022-04-29T17:16:59","modified_gmt":"2022-04-29T14:16:59","slug":"rust-remover-spray","status":"publish","type":"page","link":"https:\/\/www.aerofix.com.tr\/tr\/rust-remover-spray\/","title":{"rendered":"PAS S\u00d6K\u00dcC\u00dc SPREY 500ML"},"content":{"rendered":"<p>[vc_row][vc_column][vc_column_text][\/vc_column_text][\/vc_column][\/vc_row][vc_row][vc_column width=&#8221;1\/2&#8243;][vc_empty_space][vc_single_image image=&#8221;1144&#8243; img_size=&#8221;full&#8221; alignment=&#8221;center&#8221;][\/vc_column][vc_column width=&#8221;1\/2&#8243;][vc_empty_space][vc_single_image image=&#8221;1337&#8243; img_size=&#8221;full&#8221; alignment=&#8221;center&#8221; onclick=&#8221;img_link_large&#8221;][\/vc_column][\/vc_row][vc_row][vc_column][vc_column_text]\n<div class=\"wpdt-c row wpDataTableContainerSimpleTable wpDataTables wpDataTablesWrapper\n wdtscroll\"\n    >\n        <table id=\"wpdtSimpleTable-21\"\n           class=\"wpdtSimpleTable wpDataTable\"\n           style=\"border-collapse:collapse;\n                   border-spacing:0px;\"\n           data-column=\"9\"\n           data-rows=\"2\"\n           data-wpID=\"21\"\n           data-responsive=\"0\"\n           data-has-header=\"0\">\n\n                    <tbody>        <tr class=\"wpdt-cell-row \" >\n                            <td class=\"wpdt-cell wpdt-bold wpdt-fs-000015 wpdt-bc-F59D3A wpdt-tc-000000\"\n                                    data-cell-id=\"A1\"\n                data-col-index=\"0\"\n                data-row-index=\"0\"\n                style=\" width:176px;                padding:10px;\n                \"\n                >\n                                \u00dcR\u00dcN                <\/td>\n                                            <td class=\"wpdt-cell wpdt-bold wpdt-fs-000015 wpdt-bc-F59D3A wpdt-tc-000000\"\n                                    data-cell-id=\"B1\"\n                data-col-index=\"1\"\n                data-row-index=\"0\"\n                style=\" width:100px;                padding:10px;\n                \"\n                >\n                                NET A\u011eIRLIK                <\/td>\n                                            <td class=\"wpdt-cell wpdt-bold wpdt-fs-000015 wpdt-bc-F59D3A wpdt-tc-000000\"\n                                    data-cell-id=\"C1\"\n                data-col-index=\"2\"\n                data-row-index=\"0\"\n                style=\" width:100px;                padding:10px;\n                \"\n                >\n                                KOL\u0130 ADET                <\/td>\n                                            <td class=\"wpdt-cell wpdt-bold wpdt-fs-000015 wpdt-bc-F59D3A wpdt-tc-000000\"\n                                    data-cell-id=\"D1\"\n                data-col-index=\"3\"\n                data-row-index=\"0\"\n                style=\" width:100px;                padding:10px;\n                \"\n                >\n                                KOL\u0130 A\u011eIRLIK                <\/td>\n                                            <td class=\"wpdt-cell wpdt-bold wpdt-fs-000015 wpdt-bc-F59D3A wpdt-tc-000000\"\n                                    data-cell-id=\"E1\"\n                data-col-index=\"4\"\n                data-row-index=\"0\"\n                style=\" width:100px;                padding:10px;\n                \"\n                >\n                                KOL\u0130 NET A\u011eIRLIK                <\/td>\n                                            <td class=\"wpdt-cell wpdt-bold wpdt-fs-000015 wpdt-bc-F59D3A wpdt-tc-000000\"\n                                    data-cell-id=\"F1\"\n                data-col-index=\"5\"\n                data-row-index=\"0\"\n                style=\" width:125px;                padding:10px;\n                \"\n                >\n                                KOL\u0130 \u00d6L\u00c7\u00dc                <\/td>\n                                            <td class=\"wpdt-cell wpdt-fs-000015 wpdt-bold wpdt-bc-F59D3A wpdt-tc-000000\"\n                                    data-cell-id=\"G1\"\n                data-col-index=\"6\"\n                data-row-index=\"0\"\n                style=\" width:144px;                padding:10px;\n                \"\n                >\n                                PALET KOL\u0130 ADET                <\/td>\n                                            <td class=\"wpdt-cell wpdt-bold wpdt-fs-000015 wpdt-bc-F59D3A wpdt-tc-000000\"\n                                    data-cell-id=\"H1\"\n                data-col-index=\"7\"\n                data-row-index=\"0\"\n                style=\" width:100px;                padding:10px;\n                \"\n                >\n                                PALET A\u011eIRLIK                <\/td>\n                                            <td class=\"wpdt-cell wpdt-bold wpdt-fs-000015 wpdt-bc-F59D3A wpdt-tc-000000\"\n                                    data-cell-id=\"I1\"\n                data-col-index=\"8\"\n                data-row-index=\"0\"\n                style=\" width:135px;                padding:10px;\n                \"\n                >\n                                PALET \u00d6L\u00c7\u00dc                <\/td>\n                                        <\/tr>\n                            <tr class=\"wpdt-cell-row \" style=\"height:81px;\">\n                            <td class=\"wpdt-cell wpdt-bold wpdt-tc-000000\"\n                                    data-cell-id=\"A2\"\n                data-col-index=\"0\"\n                data-row-index=\"1\"\n                style=\"                padding:10px;\n                \"\n                >\n                                PAS S\u00d6K\u00dcC\u00dc SPREY                <\/td>\n                                            <td class=\"wpdt-cell wpdt-bold wpdt-tc-000000\"\n                                    data-cell-id=\"B2\"\n                data-col-index=\"1\"\n                data-row-index=\"1\"\n                style=\"                padding:10px;\n                \"\n                >\n                                500ML                <\/td>\n                                            <td class=\"wpdt-cell wpdt-bold wpdt-tc-000000\"\n                                    data-cell-id=\"C2\"\n                data-col-index=\"2\"\n                data-row-index=\"1\"\n                style=\"                padding:10px;\n                \"\n                >\n                                24                <\/td>\n                                            <td class=\"wpdt-cell wpdt-bold wpdt-tc-000000\"\n                                    data-cell-id=\"D2\"\n                data-col-index=\"3\"\n                data-row-index=\"1\"\n                style=\"                padding:10px;\n                \"\n                >\n                                10,53                <\/td>\n                                            <td class=\"wpdt-cell wpdt-bold wpdt-tc-000000\"\n                                    data-cell-id=\"E2\"\n                data-col-index=\"4\"\n                data-row-index=\"1\"\n                style=\"                padding:10px;\n                \"\n                >\n                                8,61                <\/td>\n                                            <td class=\"wpdt-cell wpdt-bold wpdt-tc-000000\"\n                                    data-cell-id=\"F2\"\n                data-col-index=\"5\"\n                data-row-index=\"1\"\n                style=\"                padding:10px;\n                \"\n                >\n                                40X25X27,5                <\/td>\n                                            <td class=\"wpdt-cell wpdt-bold wpdt-tc-000000\"\n                                    data-cell-id=\"G2\"\n                data-col-index=\"6\"\n                data-row-index=\"1\"\n                style=\"                padding:10px;\n                \"\n                >\n                                80                <\/td>\n                                            <td class=\"wpdt-cell wpdt-bold wpdt-tc-000000\"\n                                    data-cell-id=\"H2\"\n                data-col-index=\"7\"\n                data-row-index=\"1\"\n                style=\"                padding:10px;\n                \"\n                >\n                                842,4                <\/td>\n                                            <td class=\"wpdt-cell wpdt-bold wpdt-tc-000000\"\n                                    data-cell-id=\"I2\"\n                data-col-index=\"8\"\n                data-row-index=\"1\"\n                style=\"                padding:10px;\n                \"\n                >\n                                100\/120                <\/td>\n                                        <\/tr>\n                    <\/table>\n<\/div><style id='wpdt-custom-style-21'>\n.wpdt-fs-000015 { font-size: 15px !important;}\n.wpdt-bc-F59D3A { background-color: #F59D3A !important;}\n.wpdt-tc-000000 { color: #000000 !important;}\n<\/style>\n[\/vc_column_text][\/vc_column][\/vc_row][vc_row][vc_column][vc_empty_space][vc_column_text]<\/p>\n<h1>Tan\u0131m<\/h1>\n<p>[\/vc_column_text][vc_empty_space height=&#8221;12px&#8221;][vc_column_text]<\/p>\n<h3><strong>PAS S\u00d6K\u00dcC\u00dc SPREY 500ML :<\/strong> T\u00fcm metal y\u00fczeylerde kullan\u0131lan silikonsuz etkili bir pas \u00f6nleyici ya\u011flay\u0131c\u0131d\u0131r. Y\u00fczey temizlendikten sonra su ve nemden kaynaklanan pas\u0131n giderilmesinde kullan\u0131l\u0131r. Pasla m\u00fccadele etmek veya en az\u0131ndan g\u00f6r\u00fcn\u00fcm\u00fcn\u00fc geciktirmek i\u00e7in ince bir koruyucu film tabakas\u0131 olu\u015fturur. Ba\u015fl\u0131ca kullan\u0131m alanlar\u0131, s\u0131k\u0131lm\u0131\u015f c\u0131vata ve somunlar, el aletleri, kara ve deniz olta tak\u0131mlar\u0131, bisiklet, motosiklet, kap\u0131 ve dolap mente\u015feleri ve daha \u00f6nce de belirtildi\u011fi gibi t\u00fcm metal aksamlard\u0131r.<\/h3>\n<h3><\/h3>\n<p>[\/vc_column_text][vc_empty_space][vc_empty_space][\/vc_column][\/vc_row][vc_row][vc_column width=&#8221;1\/2&#8243;][vc_column_text]<iframe title=\"YouTube video player\" src=\"https:\/\/www.youtube.com\/embed\/DVzNLX_iBwU\" width=\"560\" height=\"315\" frameborder=\"0\" allowfullscreen=\"allowfullscreen\"><\/iframe>[\/vc_column_text][\/vc_column][vc_column width=&#8221;1\/2&#8243;][vc_empty_space][vc_single_image image=&#8221;937&#8243; img_size=&#8221;full&#8221; alignment=&#8221;center&#8221;][\/vc_column][\/vc_row][vc_row][vc_column][vc_column_text][\/vc_column_text][\/vc_column][\/vc_row]<\/p>","protected":false},"excerpt":{"rendered":"<p>[vc_row][vc_column][vc_column_text][\/vc_column_text][\/vc_column][\/vc_row][vc_row][vc_column width=&#8221;1\/2&#8243;][vc_empty_space][vc_single_image image=&#8221;1144&#8243; img_size=&#8221;full&#8221; alignment=&#8221;center&#8221;][\/vc_column][vc_column width=&#8221;1\/2&#8243;][vc_empty_space][vc_single_image image=&#8221;1337&#8243; img_size=&#8221;full&#8221; alignment=&#8221;center&#8221; onclick=&#8221;img_link_large&#8221;][\/vc_column][\/vc_row][vc_row][vc_column][vc_column_text][\/vc_column_text][\/vc_column][\/vc_row][vc_row][vc_column][vc_empty_space][vc_column_text] Tan\u0131m [\/vc_column_text][vc_empty_space height=&#8221;12px&#8221;][vc_column_text] PAS S\u00d6K\u00dcC\u00dc SPREY 500ML : T\u00fcm metal y\u00fczeylerde kullan\u0131lan silikonsuz etkili bir pas \u00f6nleyici ya\u011flay\u0131c\u0131d\u0131r. Y\u00fczey temizlendikten sonra su ve nemden kaynaklanan pas\u0131n giderilmesinde kullan\u0131l\u0131r. Pasla m\u00fccadele&#8230;<\/p>\n","protected":false},"author":1,"featured_media":0,"parent":0,"menu_order":0,"comment_status":"closed","ping_status":"closed","template":"","meta":[],"_links":{"self":[{"href":"https:\/\/www.aerofix.com.tr\/tr\/wp-json\/wp\/v2\/pages\/1061"}],"collection":[{"href":"https:\/\/www.aerofix.com.tr\/tr\/wp-json\/wp\/v2\/pages"}],"about":[{"href":"https:\/\/www.aerofix.com.tr\/tr\/wp-json\/wp\/v2\/types\/page"}],"author":[{"embeddable":true,"href":"https:\/\/www.aerofix.com.tr\/tr\/wp-json\/wp\/v2\/users\/1"}],"replies":[{"embeddable":true,"href":"https:\/\/www.aerofix.com.tr\/tr\/wp-json\/wp\/v2\/comments?post=1061"}],"version-history":[{"count":33,"href":"https:\/\/www.aerofix.com.tr\/tr\/wp-json\/wp\/v2\/pages\/1061\/revisions"}],"predecessor-version":[{"id":1629,"href":"https:\/\/www.aerofix.com.tr\/tr\/wp-json\/wp\/v2\/pages\/1061\/revisions\/1629"}],"wp:attachment":[{"href":"https:\/\/www.aerofix.com.tr\/tr\/wp-json\/wp\/v2\/media?parent=1061"}],"curies":[{"name":"wp","href":"https:\/\/api.w.org\/{rel}","templated":true}]}}