{"id":1001,"date":"2022-02-21T11:30:02","date_gmt":"2022-02-21T08:30:02","guid":{"rendered":"http:\/\/www.aerofix.com.tr\/?page_id=1001"},"modified":"2022-04-06T12:17:31","modified_gmt":"2022-04-06T09:17:31","slug":"contact","status":"publish","type":"page","link":"https:\/\/www.aerofix.com.tr\/tr\/contact\/","title":{"rendered":"\u0130LET\u0130\u015e\u0130M"},"content":{"rendered":"<p>[vc_row][vc_column][vc_empty_space height=&#8221;15px&#8221;][vc_empty_space height=&#8221;15px&#8221;]\n\t\t\t<!-- START iletisim REVOLUTION SLIDER 6.5.11 --><p class=\"rs-p-wp-fix\"><\/p>\n\t\t\t<rs-module-wrap id=\"rev_slider_8_2_wrapper\" data-source=\"gallery\" style=\"visibility:hidden;background:#E9E9E9;padding:0;margin:0px auto;margin-top:0;margin-bottom:0;\">\n\t\t\t\t<rs-module id=\"rev_slider_8_2\" style=\"\" data-version=\"6.5.11\">\n\t\t\t\t\t<rs-slides>\n\t\t\t\t\t\t<rs-slide style=\"position: absolute;\" data-key=\"rs-22\" data-title=\"Slide\" data-anim=\"ms:10;\" data-in=\"o:1;\" data-out=\"a:false;\">\n\t\t\t\t\t\t\t<img src=\"\/\/www.aerofix.com.tr\/wp-content\/plugins\/revslider\/public\/assets\/assets\/dummy.png\" title=\"xzcxzcxzcxzczxcxzczxczx.png\" width=\"2000\" height=\"1000\" class=\"rev-slidebg tp-rs-img rs-lazyload\" data-lazyload=\"\/\/www.aerofix.com.tr\/wp-content\/uploads\/revslider\/main-slider-1\/xzcxzcxzcxzczxcxzczxczx.png\" data-bg=\"p:center top;\" data-no-retina>\n<!--\n\t\t\t\t\t\t\t--><rs-layer\n\t\t\t\t\t\t\t\tid=\"slider-8-slide-22-layer-0\" \n\t\t\t\t\t\t\t\tdata-type=\"image\"\n\t\t\t\t\t\t\t\tdata-rsp_ch=\"on\"\n\t\t\t\t\t\t\t\tdata-xy=\"xo:633px,324px,246px,280px;yo:761px,389px,295px,767px;\"\n\t\t\t\t\t\t\t\tdata-text=\"w:normal;s:20,10,7,4;l:0,12,9,6;\"\n\t\t\t\t\t\t\t\tdata-dim=\"w:41px,20px,15px,67px;h:41px,20px,15px,67px;\"\n\t\t\t\t\t\t\t\tdata-frame_999=\"o:0;st:w;\"\n\t\t\t\t\t\t\t\tstyle=\"z-index:22;\"\n\t\t\t\t\t\t\t><img src=\"\/\/www.aerofix.com.tr\/wp-content\/plugins\/revslider\/public\/assets\/assets\/dummy.png\" class=\"tp-rs-img rs-lazyload\" width=\"512\" height=\"512\" data-lazyload=\"\/\/www.aerofix.com.tr\/wp-content\/uploads\/2022\/03\/1-whatsapp.png\" data-no-retina> \n\t\t\t\t\t\t\t<\/rs-layer><!--\n\n\t\t\t\t\t\t\t--><rs-layer\n\t\t\t\t\t\t\t\tid=\"slider-8-slide-22-layer-3\" \n\t\t\t\t\t\t\t\tdata-type=\"image\"\n\t\t\t\t\t\t\t\tdata-rsp_ch=\"on\"\n\t\t\t\t\t\t\t\tdata-xy=\"xo:389px,199px,151px,0;yo:473px,242px,183px,502px;\"\n\t\t\t\t\t\t\t\tdata-text=\"w:normal;s:20,10,7,4;l:0,12,9,6;\"\n\t\t\t\t\t\t\t\tdata-dim=\"w:55px,28px,21px,67px;h:55px,28px,21px,67px;\"\n\t\t\t\t\t\t\t\tdata-frame_999=\"o:0;st:w;\"\n\t\t\t\t\t\t\t\tstyle=\"z-index:19;\"\n\t\t\t\t\t\t\t><img src=\"\/\/www.aerofix.com.tr\/wp-content\/plugins\/revslider\/public\/assets\/assets\/dummy.png\" class=\"tp-rs-img rs-lazyload\" width=\"512\" height=\"512\" data-lazyload=\"\/\/www.aerofix.com.tr\/wp-content\/uploads\/revslider\/main-slider-1-11\/vcxcxvxcds.png\" data-no-retina> \n\t\t\t\t\t\t\t<\/rs-layer><!--\n\n\t\t\t\t\t\t\t--><rs-layer\n\t\t\t\t\t\t\t\tid=\"slider-8-slide-22-layer-5\" \n\t\t\t\t\t\t\t\tdata-type=\"image\"\n\t\t\t\t\t\t\t\tdata-rsp_ch=\"on\"\n\t\t\t\t\t\t\t\tdata-xy=\"xo:390px,199px,151px,0;yo:537px,274px,208px,567px;\"\n\t\t\t\t\t\t\t\tdata-text=\"w:normal;s:20,10,7,4;l:0,12,9,6;\"\n\t\t\t\t\t\t\t\tdata-dim=\"w:55px,28px,21px,67px;h:55px,28px,21px,67px;\"\n\t\t\t\t\t\t\t\tdata-frame_999=\"o:0;st:w;\"\n\t\t\t\t\t\t\t\tstyle=\"z-index:16;\"\n\t\t\t\t\t\t\t><img src=\"\/\/www.aerofix.com.tr\/wp-content\/plugins\/revslider\/public\/assets\/assets\/dummy.png\" class=\"tp-rs-img rs-lazyload\" width=\"512\" height=\"512\" data-lazyload=\"\/\/www.aerofix.com.tr\/wp-content\/uploads\/revslider\/main-slider-1-11\/cxvxcvxcvxv.png\" data-no-retina> \n\t\t\t\t\t\t\t<\/rs-layer><!--\n\n\t\t\t\t\t\t\t--><rs-layer\n\t\t\t\t\t\t\t\tid=\"slider-8-slide-22-layer-7\" \n\t\t\t\t\t\t\t\tdata-type=\"image\"\n\t\t\t\t\t\t\t\tdata-rsp_ch=\"on\"\n\t\t\t\t\t\t\t\tdata-xy=\"xo:390px,199px,151px,0;yo:682px,349px,265px,699px;\"\n\t\t\t\t\t\t\t\tdata-text=\"w:normal;s:20,10,7,4;l:0,12,9,6;\"\n\t\t\t\t\t\t\t\tdata-dim=\"w:55px,28px,21px,67px;h:55px,28px,21px,67px;\"\n\t\t\t\t\t\t\t\tdata-frame_999=\"o:0;st:w;\"\n\t\t\t\t\t\t\t\tstyle=\"z-index:18;\"\n\t\t\t\t\t\t\t><img src=\"\/\/www.aerofix.com.tr\/wp-content\/plugins\/revslider\/public\/assets\/assets\/dummy.png\" class=\"tp-rs-img rs-lazyload\" width=\"512\" height=\"512\" data-lazyload=\"\/\/www.aerofix.com.tr\/wp-content\/uploads\/revslider\/main-slider-1-11\/vcxcxvxcds.png\" data-no-retina> \n\t\t\t\t\t\t\t<\/rs-layer><!--\n\n\t\t\t\t\t\t\t--><rs-layer\n\t\t\t\t\t\t\t\tid=\"slider-8-slide-22-layer-8\" \n\t\t\t\t\t\t\t\tdata-type=\"image\"\n\t\t\t\t\t\t\t\tdata-rsp_ch=\"on\"\n\t\t\t\t\t\t\t\tdata-xy=\"xo:390px,199px,151px,0;yo:752px,385px,292px,767px;\"\n\t\t\t\t\t\t\t\tdata-text=\"w:normal;s:20,10,7,4;l:0,12,9,6;\"\n\t\t\t\t\t\t\t\tdata-dim=\"w:55px,28px,21px,67px;h:55px,28px,21px,67px;\"\n\t\t\t\t\t\t\t\tdata-frame_999=\"o:0;st:w;\"\n\t\t\t\t\t\t\t\tstyle=\"z-index:15;\"\n\t\t\t\t\t\t\t><img src=\"\/\/www.aerofix.com.tr\/wp-content\/plugins\/revslider\/public\/assets\/assets\/dummy.png\" class=\"tp-rs-img rs-lazyload\" width=\"512\" height=\"512\" data-lazyload=\"\/\/www.aerofix.com.tr\/wp-content\/uploads\/revslider\/main-slider-1-11\/cxvxcvxcvxv.png\" data-no-retina> \n\t\t\t\t\t\t\t<\/rs-layer><!--\n\n\t\t\t\t\t\t\t--><rs-layer\n\t\t\t\t\t\t\t\tid=\"slider-8-slide-22-layer-14\" \n\t\t\t\t\t\t\t\tdata-type=\"image\"\n\t\t\t\t\t\t\t\tdata-rsp_ch=\"on\"\n\t\t\t\t\t\t\t\tdata-xy=\"xo:390px,199px,151px,0;yo:333px,170px,129px,370px;\"\n\t\t\t\t\t\t\t\tdata-text=\"w:normal;s:20,10,7,4;l:0,12,9,6;\"\n\t\t\t\t\t\t\t\tdata-dim=\"w:55px,28px,21px,67px;h:55px,28px,21px,67px;\"\n\t\t\t\t\t\t\t\tdata-frame_999=\"o:0;st:w;\"\n\t\t\t\t\t\t\t\tstyle=\"z-index:14;\"\n\t\t\t\t\t\t\t><img src=\"\/\/www.aerofix.com.tr\/wp-content\/plugins\/revslider\/public\/assets\/assets\/dummy.png\" class=\"tp-rs-img rs-lazyload\" width=\"512\" height=\"512\" data-lazyload=\"\/\/www.aerofix.com.tr\/wp-content\/uploads\/2022\/03\/zxnbcm.png\" data-no-retina> \n\t\t\t\t\t\t\t<\/rs-layer><!--\n\n\t\t\t\t\t\t\t--><rs-layer\n\t\t\t\t\t\t\t\tid=\"slider-8-slide-22-layer-15\" \n\t\t\t\t\t\t\t\tdata-type=\"image\"\n\t\t\t\t\t\t\t\tdata-rsp_ch=\"on\"\n\t\t\t\t\t\t\t\tdata-xy=\"xo:632px,323px,245px,280px;yo:550px,281px,213px,573px;\"\n\t\t\t\t\t\t\t\tdata-text=\"w:normal;s:20,10,7,4;l:0,12,9,6;\"\n\t\t\t\t\t\t\t\tdata-dim=\"w:41px,20px,15px,67px;h:41px,20px,15px,67px;\"\n\t\t\t\t\t\t\t\tdata-frame_999=\"o:0;st:w;\"\n\t\t\t\t\t\t\t\tstyle=\"z-index:21;\"\n\t\t\t\t\t\t\t><img src=\"\/\/www.aerofix.com.tr\/wp-content\/plugins\/revslider\/public\/assets\/assets\/dummy.png\" class=\"tp-rs-img rs-lazyload\" width=\"512\" height=\"512\" data-lazyload=\"\/\/www.aerofix.com.tr\/wp-content\/uploads\/2022\/03\/1-whatsapp.png\" data-no-retina> \n\t\t\t\t\t\t\t<\/rs-layer><!--\n\n\t\t\t\t\t\t\t--><rs-layer\n\t\t\t\t\t\t\t\tid=\"slider-8-slide-22-layer-16\" \n\t\t\t\t\t\t\t\tdata-type=\"text\"\n\t\t\t\t\t\t\t\tdata-color=\"#222222\"\n\t\t\t\t\t\t\t\tdata-rsp_ch=\"on\"\n\t\t\t\t\t\t\t\tdata-xy=\"xo:448px,229px,173px,10px;yo:5px,2px,1px,5px;\"\n\t\t\t\t\t\t\t\tdata-text=\"w:normal;s:30,15,11,26;l:35,17,12,30;fw:700;\"\n\t\t\t\t\t\t\t\tdata-dim=\"w:463,237,180,476;\"\n\t\t\t\t\t\t\t\tdata-frame_999=\"o:0;st:w;\"\n\t\t\t\t\t\t\t\tstyle=\"z-index:12;font-family:'Poppins';\"\n\t\t\t\t\t\t\t><strong><b>Aerofix\u00a0 End\u00fcstri Kimyasallar\u0131<\/b><\/strong><br \/>\n<br \/>\n \n\t\t\t\t\t\t\t<\/rs-layer><!--\n\n\t\t\t\t\t\t\t--><rs-layer\n\t\t\t\t\t\t\t\tid=\"slider-8-slide-22-layer-17\" \n\t\t\t\t\t\t\t\tdata-type=\"text\"\n\t\t\t\t\t\t\t\tdata-color=\"#222222\"\n\t\t\t\t\t\t\t\tdata-rsp_ch=\"on\"\n\t\t\t\t\t\t\t\tdata-xy=\"xo:448px,229px,173px,72px;yo:406px,207px,157px,461px;\"\n\t\t\t\t\t\t\t\tdata-text=\"w:normal;s:24,12,9,22;l:35,17,12,31;fw:700;\"\n\t\t\t\t\t\t\t\tdata-dim=\"w:463,237,180,492;\"\n\t\t\t\t\t\t\t\tdata-frame_999=\"o:0;st:w;\"\n\t\t\t\t\t\t\t\tstyle=\"z-index:10;font-family:'Poppins';\"\n\t\t\t\t\t\t\t><strong><u>Yerel sat\u0131n alma i\u00e7in:<\/u><\/strong> \n\t\t\t\t\t\t\t<\/rs-layer><!--\n\n\t\t\t\t\t\t\t--><rs-layer\n\t\t\t\t\t\t\t\tid=\"slider-8-slide-22-layer-18\" \n\t\t\t\t\t\t\t\tdata-type=\"image\"\n\t\t\t\t\t\t\t\tdata-rsp_ch=\"on\"\n\t\t\t\t\t\t\t\tdata-xy=\"xo:390px,199px,151px,6px;yo:91px,46px,34px,116px;\"\n\t\t\t\t\t\t\t\tdata-text=\"w:normal;s:20,10,7,4;l:0,12,9,6;\"\n\t\t\t\t\t\t\t\tdata-dim=\"w:55px,28px,21px,67px;h:55px,28px,21px,67px;\"\n\t\t\t\t\t\t\t\tdata-frame_999=\"o:0;st:w;\"\n\t\t\t\t\t\t\t\tstyle=\"z-index:20;\"\n\t\t\t\t\t\t\t><img src=\"\/\/www.aerofix.com.tr\/wp-content\/plugins\/revslider\/public\/assets\/assets\/dummy.png\" class=\"tp-rs-img rs-lazyload\" width=\"512\" height=\"512\" data-lazyload=\"\/\/www.aerofix.com.tr\/wp-content\/uploads\/revslider\/main-slider-1-11\/mozcnvnzdsl.png\" data-no-retina> \n\t\t\t\t\t\t\t<\/rs-layer><!--\n\n\t\t\t\t\t\t\t--><rs-layer\n\t\t\t\t\t\t\t\tid=\"slider-8-slide-22-layer-19\" \n\t\t\t\t\t\t\t\tdata-type=\"image\"\n\t\t\t\t\t\t\t\tdata-rsp_ch=\"on\"\n\t\t\t\t\t\t\t\tdata-xy=\"xo:390px,199px,151px,0;yo:190px,97px,73px,237px;\"\n\t\t\t\t\t\t\t\tdata-text=\"w:normal;s:20,10,7,4;l:0,12,9,6;\"\n\t\t\t\t\t\t\t\tdata-dim=\"w:55px,28px,21px,67px;h:55px,28px,21px,67px;\"\n\t\t\t\t\t\t\t\tdata-frame_999=\"o:0;st:w;\"\n\t\t\t\t\t\t\t\tstyle=\"z-index:17;\"\n\t\t\t\t\t\t\t><img src=\"\/\/www.aerofix.com.tr\/wp-content\/plugins\/revslider\/public\/assets\/assets\/dummy.png\" class=\"tp-rs-img rs-lazyload\" width=\"512\" height=\"512\" data-lazyload=\"\/\/www.aerofix.com.tr\/wp-content\/uploads\/revslider\/main-slider-1-11\/vcxcxvxcds.png\" data-no-retina> \n\t\t\t\t\t\t\t<\/rs-layer><!--\n\n\t\t\t\t\t\t\t--><rs-layer\n\t\t\t\t\t\t\t\tid=\"slider-8-slide-22-layer-20\" \n\t\t\t\t\t\t\t\tdata-type=\"image\"\n\t\t\t\t\t\t\t\tdata-rsp_ch=\"on\"\n\t\t\t\t\t\t\t\tdata-xy=\"xo:390px,199px,151px,0;yo:259px,132px,100px,304px;\"\n\t\t\t\t\t\t\t\tdata-text=\"w:normal;s:20,10,7,4;l:0,12,9,6;\"\n\t\t\t\t\t\t\t\tdata-dim=\"w:55px,28px,21px,67px;h:55px,28px,21px,67px;\"\n\t\t\t\t\t\t\t\tdata-frame_999=\"o:0;st:w;\"\n\t\t\t\t\t\t\t\tstyle=\"z-index:13;\"\n\t\t\t\t\t\t\t><img src=\"\/\/www.aerofix.com.tr\/wp-content\/plugins\/revslider\/public\/assets\/assets\/dummy.png\" class=\"tp-rs-img rs-lazyload\" width=\"512\" height=\"512\" data-lazyload=\"\/\/www.aerofix.com.tr\/wp-content\/uploads\/revslider\/main-slider-1-11\/cxvxcvxcvxv.png\" data-no-retina> \n\t\t\t\t\t\t\t<\/rs-layer><!--\n\n\t\t\t\t\t\t\t--><rs-layer\n\t\t\t\t\t\t\t\tid=\"slider-8-slide-22-layer-21\" \n\t\t\t\t\t\t\t\tdata-type=\"text\"\n\t\t\t\t\t\t\t\tdata-color=\"#222222\"\n\t\t\t\t\t\t\t\tdata-rsp_ch=\"on\"\n\t\t\t\t\t\t\t\tdata-xy=\"xo:450px,230px,174px,75px;yo:-47px,-24px,-18px,-7px;\"\n\t\t\t\t\t\t\t\tdata-text=\"w:normal;s:16,8,6,18;l:35,17,12,33;fw:700;\"\n\t\t\t\t\t\t\t\tdata-dim=\"w:463,237,180,394;\"\n\t\t\t\t\t\t\t\tdata-frame_999=\"o:0;st:w;\"\n\t\t\t\t\t\t\t\tstyle=\"z-index:8;font-family:'Poppins';\"\n\t\t\t\t\t\t\t><br \/>\n<br \/>\n<br \/>\n<br \/>\nG\u00f6kevler Mahallesi 2312. Sokak No: 16 Ginza Corner Plaza Kat: 9 Ofis: 109 Esenyurt  \/ \u0130stanbul \/ T\u00fcrkiye<br \/>\n<br \/>\n\u00a0<a href=\"mailto:info@aerofix.com.tr\/export@aerofix.com.tr\"><u>info@aerofix.com.tr<\/u><\/a><br \/>\n<br \/>\n<a href=\"tel:+90 506 281 32 50\">+90 506 281 32 50<\/a><br \/>\n<br \/>\n<a href=\"tel:02129881309\">+90 (0) 212 988 13 09<\/a><br \/>\n<br \/>\n<br \/>\n<br \/>\n <a href=\"mailto:pazarlama@aerofix.com.tr\"><u>pazarlama@aerofix.com.tr<\/u><\/a><br \/>\n<br \/>\n <a href=\"tel:0539 773 27 79\">+90 (0) 539 773 27 79<\/a><br \/>\n<br \/>\n<br \/>\n<br \/>\n <a href=\"mailto:export@aerofix.com.tr\"><u>export@aerofix.com.tr<\/u><\/a><br \/>\n<br \/>\n <a href=\"tel:05363973610\">+90 (0) 536 397 36 10<\/a> \n\t\t\t\t\t\t\t<\/rs-layer><!--\n\n\t\t\t\t\t\t\t--><rs-layer\n\t\t\t\t\t\t\t\tid=\"slider-8-slide-22-layer-24\" \n\t\t\t\t\t\t\t\tdata-type=\"text\"\n\t\t\t\t\t\t\t\tdata-color=\"#222222\"\n\t\t\t\t\t\t\t\tdata-rsp_ch=\"on\"\n\t\t\t\t\t\t\t\tdata-xy=\"xo:447px,228px,173px,72px;yo:615px,314px,238px,653px;\"\n\t\t\t\t\t\t\t\tdata-text=\"w:normal;s:24,12,9,23;l:35,17,12,34;fw:700;\"\n\t\t\t\t\t\t\t\tdata-dim=\"w:463,237,180,541;\"\n\t\t\t\t\t\t\t\tdata-frame_999=\"o:0;st:w;\"\n\t\t\t\t\t\t\t\tstyle=\"z-index:9;font-family:'Poppins';\"\n\t\t\t\t\t\t\t><strong><u>Uluslararas\u0131 sat\u0131n alma i\u00e7in:<\/u><\/strong> \n\t\t\t\t\t\t\t<\/rs-layer><!--\n\n\t\t\t\t\t\t\t--><rs-layer\n\t\t\t\t\t\t\t\tid=\"slider-8-slide-22-layer-25\" \n\t\t\t\t\t\t\t\tdata-type=\"text\"\n\t\t\t\t\t\t\t\tdata-color=\"#222222\"\n\t\t\t\t\t\t\t\tdata-rsp_ch=\"on\"\n\t\t\t\t\t\t\t\tdata-xy=\"xo:449px,229px,173px,12px;yo:41px,20px,15px,38px;\"\n\t\t\t\t\t\t\t\tdata-text=\"w:normal;s:24,12,9,23;l:35,17,12,31;fw:700;\"\n\t\t\t\t\t\t\t\tdata-dim=\"w:463,237,180,492;\"\n\t\t\t\t\t\t\t\tdata-frame_999=\"o:0;st:w;\"\n\t\t\t\t\t\t\t\tstyle=\"z-index:11;font-family:'Poppins';\"\n\t\t\t\t\t\t\t><strong>Genel sorular i\u00e7in <\/strong> \n\t\t\t\t\t\t\t<\/rs-layer><!--\n\n\t\t\t\t\t\t\t--><rs-layer\n\t\t\t\t\t\t\t\tid=\"slider-8-slide-22-layer-26\" \n\t\t\t\t\t\t\t\tclass=\"intrinsic-ignore\"\n\t\t\t\t\t\t\t\tdata-type=\"text\"\n\t\t\t\t\t\t\t\tdata-rsp_ch=\"on\"\n\t\t\t\t\t\t\t\tdata-xy=\"xo:1060px,542px,411px,-1px;yo:109px,55px,41px,922px;\"\n\t\t\t\t\t\t\t\tdata-text=\"w:normal;s:20,10,7,4;l:25,12,9,6;\"\n\t\t\t\t\t\t\t\tdata-dim=\"w:auto,auto,auto,484.99300000000005px;h:auto,auto,auto,504px;\"\n\t\t\t\t\t\t\t\tdata-frame_0=\"x:0,0,0,0px;y:0,0,0,0px;\"\n\t\t\t\t\t\t\t\tdata-frame_1=\"x:0,0,0,0px;y:0,0,0,0px;\"\n\t\t\t\t\t\t\t\tdata-frame_999=\"o:0;st:w;\"\n\t\t\t\t\t\t\t\tstyle=\"z-index:23;font-family:'Roboto';\"\n\t\t\t\t\t\t\t><iframe style=\"border: 0;\" src=\"https:\/\/www.google.com\/maps\/embed?pb=!1m14!1m8!1m3!1d1789.8763899981025!2d28.628513993271984!3d41.020852153135166!3m2!1i1024!2i768!4f13.1!3m3!1m2!1s0x0%3A0xef42a4225043a8b9!2sAerofix%20End%C3%BCstri%20Kimyasallar%C4%B1!5e0!3m2!1str!2str!4v1645438914379!5m2!1str!2str\" width=\"480\" height=\"500\" allowfullscreen=\"allowfullscreen\"><\/iframe> \n\t\t\t\t\t\t\t<\/rs-layer><!--\n-->\t\t\t\t\t\t<\/rs-slide>\n\t\t\t\t\t<\/rs-slides>\n\t\t\t\t<\/rs-module>\n\t\t\t\t<script type=\"text\/javascript\">\n\t\t\t\t\tsetREVStartSize({c: 'rev_slider_8_2',rl:[1240,1024,778,480],el:[850,450,500,1450],gw:[2000,1024,778,480],gh:[850,450,500,1450],type:'hero',justify:'',layout:'fullwidth',mh:\"550\"});if (window.RS_MODULES!==undefined && window.RS_MODULES.modules!==undefined && window.RS_MODULES.modules[\"revslider82\"]!==undefined) {window.RS_MODULES.modules[\"revslider82\"].once = false;window.revapi8 = undefined;if (window.RS_MODULES.checkMinimal!==undefined) window.RS_MODULES.checkMinimal()}\n\t\t\t\t<\/script>\n\t\t\t<\/rs-module-wrap>\n\t\t\t<!-- END REVOLUTION SLIDER -->\n[\/vc_column][\/vc_row][vc_row css=&#8221;.vc_custom_1647261577598{margin-top: 20px !important;}&#8221; has_content=&#8221;true&#8221;][vc_column]<h5 class='heading-content  style-1' ><span>\u0130leti\u015fim formu Sorular\u0131n\u0131z veya numuneler i\u00e7in<\/span><\/h5>[vc_empty_space height=&#8221;15px&#8221;][vc_column_text]<div class=\"forminator-ui forminator-custom-form forminator-custom-form-1371 forminator-design--default  forminator_ajax\" data-forminator-render=\"0\" data-form=\"forminator-module-1371\"><br\/><\/div><form\n\t\t\t\tid=\"forminator-module-1371\"\n\t\t\t\tclass=\"forminator-ui forminator-custom-form forminator-custom-form-1371 forminator-design--default  forminator_ajax\"\n\t\t\t\tmethod=\"post\"\n\t\t\t\tdata-forminator-render=\"0\"\n\t\t\t\tdata-form-id=\"1371\"\n\t\t\t\t\n\t\t\t\tdata-design=\"default\"\n\t\t\t\t\n\t\t\t\t\n\t\t\t\t\n\t\t\t\tdata-grid=\"open\"\n\t\t\t\t\n\t\t\t\t\n\t\t\t\tstyle=\"display: none;\"\n\t\t\t><div class=\"forminator-response-message forminator-error\" aria-hidden=\"true\"><\/div><div class=\"forminator-row\"><div id=\"name-1\" class=\"forminator-col forminator-col-6 \"><div class=\"forminator-field\"><label for=\"forminator-field-name-1\" class=\"forminator-label\">\u0130sim <span class=\"forminator-required\">*<\/span><\/label><input type=\"text\" name=\"name-1\" value=\"\" placeholder=\"\" id=\"forminator-field-name-1\" class=\"forminator-input forminator-name--field\" aria-required=\"true\" \/><\/div><\/div><div id=\"phone-1\" class=\"forminator-col forminator-col-6 \"><div class=\"forminator-field\"><label for=\"forminator-field-phone-1\" class=\"forminator-label\">Telefon <span class=\"forminator-required\">*<\/span><\/label><input type=\"text\" name=\"phone-1\" value=\"\" placeholder=\"\" id=\"forminator-field-phone-1\" class=\"forminator-input forminator-field--phone\" data-required=\"1\" aria-required=\"true\" autocomplete=\"off\" \/><\/div><\/div><\/div><div class=\"forminator-row\"><div id=\"email-1\" class=\"forminator-col forminator-col-12 \"><div class=\"forminator-field\"><label for=\"forminator-field-email-1\" class=\"forminator-label\">E-mail <span class=\"forminator-required\">*<\/span><\/label><input type=\"email\" name=\"email-1\" value=\"\" placeholder=\"\" id=\"forminator-field-email-1\" class=\"forminator-input forminator-email--field\" data-required=\"1\" aria-required=\"true\" \/><\/div><\/div><\/div><div class=\"forminator-row\"><div id=\"name-2\" class=\"forminator-col forminator-col-6 \"><div class=\"forminator-field\"><label for=\"forminator-field-name-2\" class=\"forminator-label\">Firma Ad\u0131 <span class=\"forminator-required\">*<\/span><\/label><input type=\"text\" name=\"name-2\" value=\"\" placeholder=\"\" id=\"forminator-field-name-2\" class=\"forminator-input forminator-name--field\" aria-required=\"true\" \/><\/div><\/div><div id=\"name-3\" class=\"forminator-col forminator-col-6 \"><div class=\"forminator-field\"><label for=\"forminator-field-name-3\" class=\"forminator-label\">\u015eirket Web Sitesi<\/label><input type=\"text\" name=\"name-3\" value=\"\" placeholder=\"\" id=\"forminator-field-name-3\" class=\"forminator-input forminator-name--field\" aria-required=\"false\" \/><\/div><\/div><\/div><div class=\"forminator-row\"><div id=\"select-1\" class=\"forminator-col forminator-col-12 \"><div class=\"forminator-field\"><label for=\"forminator-form-1371__field--select-1-label\" class=\"forminator-label\">Talebinizin Nedeni<\/label><select id=\"forminator-form-1371__field--select-1\" class=\"forminator-select--field forminator-select2\" data-required=\"\" name=\"select-1\" data-default-value=\"\" data-placeholder=\"\" data-search=\"false\"><option value=\"Merak-Ediyorum\"  data-calculation=\"0\">Merak Ediyorum<\/option><option value=\"\u00d6rnek\"  data-calculation=\"0\">\u00d6rnek<\/option><\/select><\/div><\/div><\/div><div class=\"forminator-row\"><div id=\"textarea-1\" class=\"forminator-col forminator-col-12 \"><div class=\"forminator-field\"><label for=\"forminator-field-textarea-1\" class=\"forminator-label\">Mesaj\u0131n\u0131z<\/label><textarea name=\"textarea-1\" placeholder=\"\" id=\"forminator-field-textarea-1\" class=\"forminator-textarea\" rows=\"6\" style=\"min-height:140px;\" ><\/textarea><\/div><\/div><\/div><input type=\"hidden\" name=\"referer_url\" value=\"\" \/><div class=\"forminator-row forminator-row-last\"><div class=\"forminator-col\"><div class=\"forminator-field\"><button class=\"forminator-button forminator-button-submit\">G&ouml;nder<\/button><\/div><\/div><\/div><input type=\"hidden\" id=\"forminator_nonce\" name=\"forminator_nonce\" value=\"3c06bc624e\" \/><input type=\"hidden\" name=\"_wp_http_referer\" value=\"\/tr\/wp-json\/wp\/v2\/pages\/1001\" \/><input type=\"hidden\" name=\"form_id\" value=\"1371\"><input type=\"hidden\" name=\"page_id\" value=\"1001\"><input type=\"hidden\" name=\"form_type\" value=\"default\"><input type=\"hidden\" name=\"current_url\" value=\"https:\/\/www.aerofix.com.tr\/tr\/wp-json\/wp\/v2\/pages\/1001\/\"><input type=\"hidden\" name=\"render_id\" value=\"0\"><input type=\"hidden\" name=\"action\" value=\"forminator_submit_form_custom-forms\"><\/form>[\/vc_column_text][\/vc_column][\/vc_row]<\/p>","protected":false},"excerpt":{"rendered":"<p>[vc_row][vc_column][vc_empty_space height=&#8221;15px&#8221;][vc_empty_space height=&#8221;15px&#8221;][\/vc_column][\/vc_row][vc_row css=&#8221;.vc_custom_1647261577598{margin-top: 20px !important;}&#8221; has_content=&#8221;true&#8221;][vc_column][vc_empty_space height=&#8221;15px&#8221;][vc_column_text][\/vc_column_text][\/vc_column][\/vc_row]<\/p>\n","protected":false},"author":1,"featured_media":0,"parent":0,"menu_order":0,"comment_status":"closed","ping_status":"closed","template":"","meta":[],"_links":{"self":[{"href":"https:\/\/www.aerofix.com.tr\/tr\/wp-json\/wp\/v2\/pages\/1001"}],"collection":[{"href":"https:\/\/www.aerofix.com.tr\/tr\/wp-json\/wp\/v2\/pages"}],"about":[{"href":"https:\/\/www.aerofix.com.tr\/tr\/wp-json\/wp\/v2\/types\/page"}],"author":[{"embeddable":true,"href":"https:\/\/www.aerofix.com.tr\/tr\/wp-json\/wp\/v2\/users\/1"}],"replies":[{"embeddable":true,"href":"https:\/\/www.aerofix.com.tr\/tr\/wp-json\/wp\/v2\/comments?post=1001"}],"version-history":[{"count":33,"href":"https:\/\/www.aerofix.com.tr\/tr\/wp-json\/wp\/v2\/pages\/1001\/revisions"}],"predecessor-version":[{"id":1540,"href":"https:\/\/www.aerofix.com.tr\/tr\/wp-json\/wp\/v2\/pages\/1001\/revisions\/1540"}],"wp:attachment":[{"href":"https:\/\/www.aerofix.com.tr\/tr\/wp-json\/wp\/v2\/media?parent=1001"}],"curies":[{"name":"wp","href":"https:\/\/api.w.org\/{rel}","templated":true}]}}